{"id":973,"date":"2020-10-12T20:50:41","date_gmt":"2020-10-13T01:50:41","guid":{"rendered":"https:\/\/www.calzadobarbarella.com\/website\/?page_id=973"},"modified":"2020-10-21T16:52:18","modified_gmt":"2020-10-21T21:52:18","slug":"botin-shenoa-3468","status":"publish","type":"page","link":"https:\/\/www.calzadobarbarella.com\/website\/botin-shenoa-3468\/","title":{"rendered":"Bot\u00edn Shenoa 3468"},"content":{"rendered":"<div class=\"boldgrid-section\">\n<div class=\"container\">\n<div class=\"row\">\n<div class=\"col-md-12 col-xs-12 col-sm-12\">\n<div class=\"boldgrid-wrap-row boldgrid-slider\" data-config=\"{&quot;arrows&quot;:false,&quot;autoplay&quot;:false,&quot;autoplaySpeed&quot;:&quot;10&quot;,&quot;dots&quot;:true,&quot;infinite&quot;:true,&quot;bgOptions&quot;:{&quot;arrowsPos&quot;:&quot;standard&quot;,&quot;arrowsOverlay&quot;:true,&quot;arrowsBgColor&quot;:&quot;#1a1a1a&quot;,&quot;arrowsIcon&quot;:&quot;angle&quot;,&quot;arrowsSize&quot;:&quot;30&quot;,&quot;dotsPos&quot;:&quot;bottom&quot;,&quot;dotsOverlay&quot;:false,&quot;dotsColor&quot;:&quot;#736cf8&quot;,&quot;dotsSize&quot;:&quot;50&quot;},&quot;colors&quot;:{&quot;arrowsBG&quot;:{&quot;type&quot;:&quot;color&quot;,&quot;value&quot;:&quot;#1a1a1a&quot;,&quot;text&quot;:&quot;#ffffff&quot;},&quot;dotsColor&quot;:{&quot;type&quot;:&quot;color&quot;,&quot;value&quot;:&quot;#736cf8&quot;,&quot;text&quot;:&quot;#1a1a1a&quot;}}}\">\n<div class=\"row\" style=\"width: 100%; display: inline-block;\">\n<div class=\"col-md-12 col-sm-12 col-xs-12\">\n<div class=\"text-center\">\n<p><img loading=\"lazy\" decoding=\"async\" class=\"alignnone wp-image-974 bg-img bg-img-1\" src=\"https:\/\/www.calzadobarbarella.com\/website\/wp-content\/uploads\/2020\/10\/3468-1-2-1024x690.png\" alt=\"\" width=\"800\" height=\"539\" srcset=\"https:\/\/www.calzadobarbarella.com\/website\/wp-content\/uploads\/2020\/10\/3468-1-2-1024x690.png 1024w, https:\/\/www.calzadobarbarella.com\/website\/wp-content\/uploads\/2020\/10\/3468-1-2-300x202.png 300w, https:\/\/www.calzadobarbarella.com\/website\/wp-content\/uploads\/2020\/10\/3468-1-2-768x517.png 768w, https:\/\/www.calzadobarbarella.com\/website\/wp-content\/uploads\/2020\/10\/3468-1-2-250x168.png 250w, https:\/\/www.calzadobarbarella.com\/website\/wp-content\/uploads\/2020\/10\/3468-1-2-550x370.png 550w, https:\/\/www.calzadobarbarella.com\/website\/wp-content\/uploads\/2020\/10\/3468-1-2-800x539.png 800w, https:\/\/www.calzadobarbarella.com\/website\/wp-content\/uploads\/2020\/10\/3468-1-2-267x180.png 267w, https:\/\/www.calzadobarbarella.com\/website\/wp-content\/uploads\/2020\/10\/3468-1-2-445x300.png 445w, https:\/\/www.calzadobarbarella.com\/website\/wp-content\/uploads\/2020\/10\/3468-1-2-742x500.png 742w, https:\/\/www.calzadobarbarella.com\/website\/wp-content\/uploads\/2020\/10\/3468-1-2.png 1280w\" sizes=\"auto, (max-width: 800px) 100vw, 800px\" \/>&nbsp;<\/p>\n<h4 style=\"margin-top: 25px;\">Botin 3468<\/h4>\n<p style=\"margin-bottom: 0;\">Capellada cuero graso, cordones<\/p>\n<\/div>\n<\/div>\n<\/div>\n<div class=\"row\" style=\"width: 100%; display: inline-block;\">\n<div class=\"col-md-12 col-sm-12 col-xs-12\">\n<div class=\"text-center\">\n<p><img loading=\"lazy\" decoding=\"async\" class=\"alignnone wp-image-975 bg-img bg-img-1\" src=\"https:\/\/www.calzadobarbarella.com\/website\/wp-content\/uploads\/2020\/10\/3468_JPG-822x1024.jpg\" alt=\"\" width=\"643\" height=\"800\">&nbsp;<\/p>\n<h4 style=\"margin-top: 25px;\">Botin 3468<\/h4>\n<p style=\"margin-bottom: 0;\">Forro textil, suela expanson, bot\u00edn depotivo<\/p>\n<\/div>\n<\/div>\n<\/div>\n<div class=\"row\" style=\"width: 100%; display: inline-block;\">\n<div class=\"col-md-12 col-sm-12 col-xs-12\">\n<div class=\"text-center\">\n<p><img loading=\"lazy\" decoding=\"async\" class=\"alignnone wp-image-976 bg-img bg-img-1\" src=\"https:\/\/www.calzadobarbarella.com\/website\/wp-content\/uploads\/2020\/10\/3468-1_1-1024x690.jpg\" alt=\"\" width=\"800\" height=\"539\">&nbsp;<\/p>\n<h4 style=\"margin-top: 25px;\">Botin 3468<\/h4>\n<p style=\"margin-bottom: 0;\">Bot\u00edn deportivo, suela confortable<\/p>\n<\/div>\n<\/div>\n<\/div>\n<\/div>\n<p class=\"\" style=\"text-align: right; font-weight: 600; font-size: 16px;\" data-font-weight=\"600\"><a href=\"https:\/\/www.calzadobarbarella.com\/website\/shenoa-botin-2\/\">Shenoa bot\u00edn<\/a><\/p>\n<\/div>\n<\/div>\n<\/div>\n<\/div>\n","protected":false},"excerpt":{"rendered":"<p>&nbsp; Botin 3468 Capellada cuero graso, cordones &nbsp; Botin 3468 Forro textil, suela expanson, bot\u00edn depotivo &nbsp; Botin 3468 Bot\u00edn deportivo, suela confortable Shenoa bot\u00edn<\/p>\n","protected":false},"author":1,"featured_media":0,"parent":0,"menu_order":0,"comment_status":"closed","ping_status":"closed","template":"","meta":{"bgseo_title":"","bgseo_description":"","bgseo_robots_index":"index","bgseo_robots_follow":"follow","footnotes":""},"class_list":["post-973","page","type-page","status-publish"],"_links":{"self":[{"href":"https:\/\/www.calzadobarbarella.com\/website\/wp-json\/wp\/v2\/pages\/973","targetHints":{"allow":["GET"]}}],"collection":[{"href":"https:\/\/www.calzadobarbarella.com\/website\/wp-json\/wp\/v2\/pages"}],"about":[{"href":"https:\/\/www.calzadobarbarella.com\/website\/wp-json\/wp\/v2\/types\/page"}],"author":[{"embeddable":true,"href":"https:\/\/www.calzadobarbarella.com\/website\/wp-json\/wp\/v2\/users\/1"}],"replies":[{"embeddable":true,"href":"https:\/\/www.calzadobarbarella.com\/website\/wp-json\/wp\/v2\/comments?post=973"}],"version-history":[{"count":2,"href":"https:\/\/www.calzadobarbarella.com\/website\/wp-json\/wp\/v2\/pages\/973\/revisions"}],"predecessor-version":[{"id":1082,"href":"https:\/\/www.calzadobarbarella.com\/website\/wp-json\/wp\/v2\/pages\/973\/revisions\/1082"}],"wp:attachment":[{"href":"https:\/\/www.calzadobarbarella.com\/website\/wp-json\/wp\/v2\/media?parent=973"}],"curies":[{"name":"wp","href":"https:\/\/api.w.org\/{rel}","templated":true}]}}