{"id":961,"date":"2020-10-12T20:25:15","date_gmt":"2020-10-13T01:25:15","guid":{"rendered":"https:\/\/www.calzadobarbarella.com\/website\/?page_id=961"},"modified":"2020-10-21T16:40:28","modified_gmt":"2020-10-21T21:40:28","slug":"botin-shenoa-3465","status":"publish","type":"page","link":"https:\/\/www.calzadobarbarella.com\/website\/botin-shenoa-3465\/","title":{"rendered":"Bot\u00edn Shenoa 3465"},"content":{"rendered":"<div class=\"boldgrid-section\">\n<div class=\"container\">\n<div class=\"row\">\n<div class=\"col-md-12 col-xs-12 col-sm-12\">\n<div class=\"boldgrid-wrap-row boldgrid-slider\" data-config=\"{&quot;arrows&quot;:false,&quot;autoplay&quot;:false,&quot;autoplaySpeed&quot;:&quot;10&quot;,&quot;dots&quot;:true,&quot;infinite&quot;:true,&quot;bgOptions&quot;:{&quot;arrowsPos&quot;:&quot;standard&quot;,&quot;arrowsOverlay&quot;:true,&quot;arrowsBgColor&quot;:&quot;#1a1a1a&quot;,&quot;arrowsIcon&quot;:&quot;angle&quot;,&quot;arrowsSize&quot;:&quot;30&quot;,&quot;dotsPos&quot;:&quot;bottom&quot;,&quot;dotsOverlay&quot;:false,&quot;dotsColor&quot;:&quot;#736cf8&quot;,&quot;dotsSize&quot;:&quot;50&quot;},&quot;colors&quot;:{&quot;arrowsBG&quot;:{&quot;type&quot;:&quot;color&quot;,&quot;value&quot;:&quot;#1a1a1a&quot;,&quot;text&quot;:&quot;#ffffff&quot;},&quot;dotsColor&quot;:{&quot;type&quot;:&quot;color&quot;,&quot;value&quot;:&quot;#736cf8&quot;,&quot;text&quot;:&quot;#1a1a1a&quot;}}}\">\n<div class=\"row\" style=\"width: 100%; display: inline-block;\">\n<div class=\"col-md-12 col-sm-12 col-xs-12\">\n<div class=\"text-center\">\n<p><img loading=\"lazy\" decoding=\"async\" class=\"alignnone wp-image-962 bg-img bg-img-1\" src=\"https:\/\/www.calzadobarbarella.com\/website\/wp-content\/uploads\/2020\/10\/3465-1JPG-1-1024x1019.jpg\" alt=\"\" width=\"800\" height=\"796\">&nbsp;<\/p>\n<h4 style=\"margin-top: 25px;\">BOT\u00cdN 3465<\/h4>\n<p style=\"margin-bottom: 0;\">Capellada cuero gamuza combinado con cuero tipo napa<\/p>\n<\/div>\n<\/div>\n<\/div>\n<div class=\"row\" style=\"width: 100%; display: inline-block;\">\n<div class=\"col-md-12 col-sm-12 col-xs-12\">\n<div class=\"text-center\">\n<p><img loading=\"lazy\" decoding=\"async\" class=\"alignnone wp-image-963\" src=\"https:\/\/www.calzadobarbarella.com\/website\/wp-content\/uploads\/2020\/10\/3465JPG-780x1024.jpg\" alt=\"\" width=\"609\" height=\"800\">&nbsp;<\/p>\n<h4 style=\"margin-top: 25px;\">BOT\u00cdN 3465<\/h4>\n<p style=\"margin-bottom: 0;\">Forro Textil, suela expanson blanco<\/p>\n<\/div>\n<\/div>\n<\/div>\n<div class=\"row\" style=\"width: 100%; display: inline-block;\">\n<div class=\"col-md-12 col-sm-12 col-xs-12\">\n<div class=\"text-center\">\n<p>&nbsp;<\/p>\n<h4 style=\"margin-top: 25px;\">Hope Smith<\/h4>\n<p style=\"margin-bottom: 0;\">Teacher<\/p>\n<\/div>\n<\/div>\n<\/div>\n<\/div>\n<p class=\"\" style=\"text-align: right; font-weight: 600; font-size: 16px;\" data-font-weight=\"600\"><a href=\"https:\/\/www.calzadobarbarella.com\/website\/shenoa-botin-2\/\">Shenoa bot\u00edn<\/a><\/p>\n<\/div>\n<\/div>\n<\/div>\n<\/div>\n","protected":false},"excerpt":{"rendered":"<p>&nbsp; BOT\u00cdN 3465 Capellada cuero gamuza combinado con cuero tipo napa &nbsp; BOT\u00cdN 3465 Forro Textil, suela expanson blanco &nbsp; Hope Smith Teacher Shenoa bot\u00edn<\/p>\n","protected":false},"author":1,"featured_media":0,"parent":0,"menu_order":0,"comment_status":"closed","ping_status":"closed","template":"","meta":{"bgseo_title":"","bgseo_description":"","bgseo_robots_index":"index","bgseo_robots_follow":"follow","footnotes":""},"class_list":["post-961","page","type-page","status-publish"],"_links":{"self":[{"href":"https:\/\/www.calzadobarbarella.com\/website\/wp-json\/wp\/v2\/pages\/961","targetHints":{"allow":["GET"]}}],"collection":[{"href":"https:\/\/www.calzadobarbarella.com\/website\/wp-json\/wp\/v2\/pages"}],"about":[{"href":"https:\/\/www.calzadobarbarella.com\/website\/wp-json\/wp\/v2\/types\/page"}],"author":[{"embeddable":true,"href":"https:\/\/www.calzadobarbarella.com\/website\/wp-json\/wp\/v2\/users\/1"}],"replies":[{"embeddable":true,"href":"https:\/\/www.calzadobarbarella.com\/website\/wp-json\/wp\/v2\/comments?post=961"}],"version-history":[{"count":3,"href":"https:\/\/www.calzadobarbarella.com\/website\/wp-json\/wp\/v2\/pages\/961\/revisions"}],"predecessor-version":[{"id":1080,"href":"https:\/\/www.calzadobarbarella.com\/website\/wp-json\/wp\/v2\/pages\/961\/revisions\/1080"}],"wp:attachment":[{"href":"https:\/\/www.calzadobarbarella.com\/website\/wp-json\/wp\/v2\/media?parent=961"}],"curies":[{"name":"wp","href":"https:\/\/api.w.org\/{rel}","templated":true}]}}