{"id":928,"date":"2020-10-12T20:08:08","date_gmt":"2020-10-13T01:08:08","guid":{"rendered":"https:\/\/www.calzadobarbarella.com\/website\/?page_id=928"},"modified":"2020-10-17T17:08:12","modified_gmt":"2020-10-17T22:08:12","slug":"botin-shenoa-3398","status":"publish","type":"page","link":"https:\/\/www.calzadobarbarella.com\/website\/botin-shenoa-3398\/","title":{"rendered":"Bot\u00edn Shenoa 3398"},"content":{"rendered":"<div class=\"boldgrid-section\">\n<div class=\"container\">\n<div class=\"row\">\n<div class=\"col-md-12 col-xs-12 col-sm-12\">\n<div class=\"boldgrid-wrap-row boldgrid-slider\" data-config=\"{&quot;arrows&quot;:false,&quot;autoplay&quot;:false,&quot;autoplaySpeed&quot;:&quot;10&quot;,&quot;dots&quot;:true,&quot;infinite&quot;:true,&quot;bgOptions&quot;:{&quot;arrowsPos&quot;:&quot;standard&quot;,&quot;arrowsOverlay&quot;:true,&quot;arrowsBgColor&quot;:&quot;#1a1a1a&quot;,&quot;arrowsIcon&quot;:&quot;angle&quot;,&quot;arrowsSize&quot;:&quot;30&quot;,&quot;dotsPos&quot;:&quot;bottom&quot;,&quot;dotsOverlay&quot;:false,&quot;dotsColor&quot;:&quot;#736cf8&quot;,&quot;dotsSize&quot;:&quot;50&quot;},&quot;colors&quot;:{&quot;arrowsBG&quot;:{&quot;type&quot;:&quot;color&quot;,&quot;value&quot;:&quot;#1a1a1a&quot;,&quot;text&quot;:&quot;#ffffff&quot;},&quot;dotsColor&quot;:{&quot;type&quot;:&quot;color&quot;,&quot;value&quot;:&quot;#736cf8&quot;,&quot;text&quot;:&quot;#1a1a1a&quot;}}}\">\n<div class=\"row\" style=\"width: 100%; display: inline-block;\">\n<div class=\"col-md-12 col-sm-12 col-xs-12\">\n<div class=\"text-center\">\n<p><img loading=\"lazy\" decoding=\"async\" class=\"alignnone wp-image-929 bg-img bg-img-2\" src=\"https:\/\/www.calzadobarbarella.com\/website\/wp-content\/uploads\/2020\/10\/3398-1-1024x970.jpeg\" alt=\"\" width=\"800\" height=\"758\" srcset=\"https:\/\/www.calzadobarbarella.com\/website\/wp-content\/uploads\/2020\/10\/3398-1-1024x970.jpeg 1024w, https:\/\/www.calzadobarbarella.com\/website\/wp-content\/uploads\/2020\/10\/3398-1-300x284.jpeg 300w, https:\/\/www.calzadobarbarella.com\/website\/wp-content\/uploads\/2020\/10\/3398-1-768x727.jpeg 768w, https:\/\/www.calzadobarbarella.com\/website\/wp-content\/uploads\/2020\/10\/3398-1-250x237.jpeg 250w, https:\/\/www.calzadobarbarella.com\/website\/wp-content\/uploads\/2020\/10\/3398-1-550x521.jpeg 550w, https:\/\/www.calzadobarbarella.com\/website\/wp-content\/uploads\/2020\/10\/3398-1-800x758.jpeg 800w, https:\/\/www.calzadobarbarella.com\/website\/wp-content\/uploads\/2020\/10\/3398-1-190x180.jpeg 190w, https:\/\/www.calzadobarbarella.com\/website\/wp-content\/uploads\/2020\/10\/3398-1-317x300.jpeg 317w, https:\/\/www.calzadobarbarella.com\/website\/wp-content\/uploads\/2020\/10\/3398-1-528x500.jpeg 528w, https:\/\/www.calzadobarbarella.com\/website\/wp-content\/uploads\/2020\/10\/3398-1.jpeg 1280w\" sizes=\"auto, (max-width: 800px) 100vw, 800px\" \/>&nbsp;<\/p>\n<h4 style=\"margin-top: 25px;\">Bot\u00edn 3398 Flores<\/h4>\n<p style=\"margin-bottom: 0;\">Capellada textil flores combinada con cuero tipo napa<\/p>\n<\/div>\n<\/div>\n<\/div>\n<div class=\"row\" style=\"width: 100%; display: inline-block;\">\n<div class=\"col-md-12 col-sm-12 col-xs-12\">\n<div class=\"text-center\">\n<p><img loading=\"lazy\" decoding=\"async\" class=\"alignnone wp-image-930 bg-img bg-img-2\" src=\"https:\/\/www.calzadobarbarella.com\/website\/wp-content\/uploads\/2020\/10\/3398AF-3-1-1024x816.jpeg\" alt=\"\" width=\"800\" height=\"638\" srcset=\"https:\/\/www.calzadobarbarella.com\/website\/wp-content\/uploads\/2020\/10\/3398AF-3-1-1024x816.jpeg 1024w, https:\/\/www.calzadobarbarella.com\/website\/wp-content\/uploads\/2020\/10\/3398AF-3-1-300x239.jpeg 300w, https:\/\/www.calzadobarbarella.com\/website\/wp-content\/uploads\/2020\/10\/3398AF-3-1-768x612.jpeg 768w, https:\/\/www.calzadobarbarella.com\/website\/wp-content\/uploads\/2020\/10\/3398AF-3-1-250x199.jpeg 250w, https:\/\/www.calzadobarbarella.com\/website\/wp-content\/uploads\/2020\/10\/3398AF-3-1-550x438.jpeg 550w, https:\/\/www.calzadobarbarella.com\/website\/wp-content\/uploads\/2020\/10\/3398AF-3-1-800x638.jpeg 800w, https:\/\/www.calzadobarbarella.com\/website\/wp-content\/uploads\/2020\/10\/3398AF-3-1-226x180.jpeg 226w, https:\/\/www.calzadobarbarella.com\/website\/wp-content\/uploads\/2020\/10\/3398AF-3-1-376x300.jpeg 376w, https:\/\/www.calzadobarbarella.com\/website\/wp-content\/uploads\/2020\/10\/3398AF-3-1-627x500.jpeg 627w, https:\/\/www.calzadobarbarella.com\/website\/wp-content\/uploads\/2020\/10\/3398AF-3-1.jpeg 1280w\" sizes=\"auto, (max-width: 800px) 100vw, 800px\" \/>&nbsp;<\/p>\n<h4 style=\"margin-top: 25px;\">Bot\u00edn 3398 Flores<\/h4>\n<p style=\"margin-bottom: 0;\">Forro Textil, cremallera externa y cord\u00f3n cuero<\/p>\n<\/div>\n<\/div>\n<\/div>\n<div class=\"row\" style=\"width: 100%; display: inline-block;\">\n<div class=\"col-md-12 col-sm-12 col-xs-12\">\n<div class=\"text-center\">\n<p><img loading=\"lazy\" decoding=\"async\" class=\"alignnone wp-image-931 bg-img bg-img-2\" src=\"https:\/\/www.calzadobarbarella.com\/website\/wp-content\/uploads\/2020\/10\/3398AF-4JPG-1024x878.jpg\" alt=\"\" width=\"800\" height=\"686\">&nbsp;<\/p>\n<h4 style=\"margin-top: 25px;\">Bot\u00edn 3398 Flores<\/h4>\n<p>Suela prefabricada en TR cristal color.<\/p>\n<\/div>\n<\/div>\n<\/div>\n<\/div>\n<p class=\"\" style=\"text-align: right; font-weight: 600; font-size: 16px;\" data-font-weight=\"600\"><a href=\"https:\/\/www.calzadobarbarella.com\/website\/shenoa-botin-2\/\">Shenoa bot\u00edn<\/a><\/p>\n<\/div>\n<\/div>\n<\/div>\n<\/div>\n","protected":false},"excerpt":{"rendered":"<p>&nbsp; Bot\u00edn 3398 Flores Capellada textil flores combinada con cuero tipo napa &nbsp; Bot\u00edn 3398 Flores Forro Textil, cremallera externa y cord\u00f3n cuero &nbsp; Bot\u00edn 3398 Flores Suela prefabricada en TR cristal color. Shenoa bot\u00edn<\/p>\n","protected":false},"author":1,"featured_media":0,"parent":0,"menu_order":0,"comment_status":"closed","ping_status":"closed","template":"","meta":{"bgseo_title":"","bgseo_description":"","bgseo_robots_index":"index","bgseo_robots_follow":"follow","footnotes":""},"class_list":["post-928","page","type-page","status-publish"],"_links":{"self":[{"href":"https:\/\/www.calzadobarbarella.com\/website\/wp-json\/wp\/v2\/pages\/928","targetHints":{"allow":["GET"]}}],"collection":[{"href":"https:\/\/www.calzadobarbarella.com\/website\/wp-json\/wp\/v2\/pages"}],"about":[{"href":"https:\/\/www.calzadobarbarella.com\/website\/wp-json\/wp\/v2\/types\/page"}],"author":[{"embeddable":true,"href":"https:\/\/www.calzadobarbarella.com\/website\/wp-json\/wp\/v2\/users\/1"}],"replies":[{"embeddable":true,"href":"https:\/\/www.calzadobarbarella.com\/website\/wp-json\/wp\/v2\/comments?post=928"}],"version-history":[{"count":5,"href":"https:\/\/www.calzadobarbarella.com\/website\/wp-json\/wp\/v2\/pages\/928\/revisions"}],"predecessor-version":[{"id":1053,"href":"https:\/\/www.calzadobarbarella.com\/website\/wp-json\/wp\/v2\/pages\/928\/revisions\/1053"}],"wp:attachment":[{"href":"https:\/\/www.calzadobarbarella.com\/website\/wp-json\/wp\/v2\/media?parent=928"}],"curies":[{"name":"wp","href":"https:\/\/api.w.org\/{rel}","templated":true}]}}