{"id":7,"date":"2020-07-12T21:26:19","date_gmt":"2020-07-12T21:26:19","guid":{"rendered":"https:\/\/www.calzadobarbarella.com\/website\/about-us-2\/"},"modified":"2021-10-20T21:44:44","modified_gmt":"2021-10-21T02:44:44","slug":"about-us-2","status":"publish","type":"page","link":"https:\/\/www.calzadobarbarella.com\/website\/about-us-2\/","title":{"rendered":"Nosotros"},"content":{"rendered":"<div class=\"boldgrid-section\">\n<div class=\"container\">\n<div class=\"row\">\n<div class=\"col-md-5 col-margin-bottom col-xs-12 col-sm-12\">\n<h2 class=\"\"><span style=\"vertical-align: inherit;\"><span style=\"vertical-align: inherit;\">Nosotros<\/span><\/span><del><\/del><\/h2>\n<p class=\"\">Grupo L\u00ednea Barbarella S.A.S. es una empresa dedicada al dise\u00f1o, innovaci\u00f3n, producci\u00f3n y comercializaci\u00f3n de calzado en cuero, especialmente para dama; tales como botas, botines, zapato casual, zapato plano, zapato institucional para damas y caballeros.<\/p>\n<div class=\"row gridblock\">\n<div class=\"col-md-12 col-xs-12 col-sm-12\">\n<div>\n<div class=\"row bg-editor-hr-wrap\">\n<div class=\"col-md-12 col-xs-12 col-sm-12\">\n<div>\n<hr>\n<\/div>\n<\/div>\n<\/div>\n<\/div>\n<\/div>\n<\/div>\n<h2 class=\"\" style=\"margin: -3px -2px 27px 0px;\"><span style=\"vertical-align: inherit;\"><span style=\"vertical-align: inherit;\">Historia<\/span><\/span><del><\/del><\/h2>\n<p class=\"\" style=\"text-align: justify;\">El pasado de la compa\u00f1\u00eda se remonta al mes de Agosto de 1.982, cuando por iniciativa de dos hermanos, Luis Fernando y Eduardo Cordero, se crea una peque\u00f1a f\u00e1brica en una casa en el barrio San Antonio de la ciudad de Bogot\u00e1. Iniciaron con 4 personas en la parte de producci\u00f3n, con un sistema de trabajo un 90% artesanal y con una capacidad inicial de 24 pares de zapatillas al d\u00eda bajo la marca Barbarella.<\/p>\n<p class=\"\" style=\"text-align: justify;\">En 1983, el se\u00f1or Luis Fernando Cordero queda como \u00fanico propietario de la empresa al comprar la participaci\u00f3n de su hermano. Con el paso del tiempo y ante el desempe\u00f1o de las ventas se ampli\u00f3 la capacidad de producci\u00f3n mediante la adquisici\u00f3n de maquinaria y se traslada la empresa a una sede propia ubicada tambi\u00e9n en el barrio San Antonio.<\/p>\n<p class=\"\" style=\"text-align: justify;\">A finales de los a\u00f1os 80s y con el auge en el momento de zapatos deportivos de marcas extranjeras, la empresa decide entrar en este segmento con gran \u00e9xito comercial. A partir del a\u00f1o 1990 la empresa lanza al mercado su marca de tenis y botas para hombre TRINKOO.<\/p>\n<div class=\"gridblock\"><\/div>\n<\/div>\n<div class=\"col-md-6 col-margin-bottom text-center col-xs-12 col-sm-12\" style=\"padding: 5em 0.8em 0em 1.1em;\">\n<figure id=\"attachment_141\" aria-describedby=\"caption-attachment-141\" style=\"width: 392px\" class=\"wp-caption aligncenter\"><img loading=\"lazy\" decoding=\"async\" class=\"wp-image-141 \" src=\"https:\/\/www.calzadobarbarella.com\/website\/wp-content\/uploads\/2020\/10\/3403-3-980x1024.jpeg\" alt=\"\" width=\"392\" height=\"410\" data-imhwpb-asset-id=\"789476\" srcset=\"https:\/\/www.calzadobarbarella.com\/website\/wp-content\/uploads\/2020\/10\/3403-3-980x1024.jpeg 980w, https:\/\/www.calzadobarbarella.com\/website\/wp-content\/uploads\/2020\/10\/3403-3-287x300.jpeg 287w, https:\/\/www.calzadobarbarella.com\/website\/wp-content\/uploads\/2020\/10\/3403-3-768x802.jpeg 768w, https:\/\/www.calzadobarbarella.com\/website\/wp-content\/uploads\/2020\/10\/3403-3-250x261.jpeg 250w, https:\/\/www.calzadobarbarella.com\/website\/wp-content\/uploads\/2020\/10\/3403-3-550x575.jpeg 550w, https:\/\/www.calzadobarbarella.com\/website\/wp-content\/uploads\/2020\/10\/3403-3-800x836.jpeg 800w, https:\/\/www.calzadobarbarella.com\/website\/wp-content\/uploads\/2020\/10\/3403-3-172x180.jpeg 172w, https:\/\/www.calzadobarbarella.com\/website\/wp-content\/uploads\/2020\/10\/3403-3-479x500.jpeg 479w, https:\/\/www.calzadobarbarella.com\/website\/wp-content\/uploads\/2020\/10\/3403-3.jpeg 1225w\" sizes=\"auto, (max-width: 392px) 100vw, 392px\" \/><figcaption id=\"caption-attachment-141\" class=\"wp-caption-text\">Linea Shenoa by Barbarella<\/figcaption><\/figure>\n<p class=\"\" style=\"text-align: justify;\">En 1998 la empresa se traslada a su actual sede en el barrio Restrepo de Bogot\u00e1 ampliando su capacidad de producci\u00f3n y competitividad mediante la adquisici\u00f3n de maquinaria y adecuaci\u00f3n del \u00e1rea productiva a tres plantas. En el a\u00f1o 2000 se registra la marca SHENOA, cuyo enfoque es un estilo m\u00e1s juvenil y casual frente al estilo m\u00e1s cl\u00e1sico de la marca BARBARELLA.<\/p>\n<p class=\"\" style=\"text-align: justify;\">En los \u00faltimos a\u00f1os CALZADO BARBARELLA se ha dedicado casi exclusivamente a la fabricaci\u00f3n de botas y botines en cuero para dama, logrando un reconocimiento de producto en el mercado, consolid\u00e1ndose como una de las f\u00e1bricas l\u00edderes del sector.<\/p>\n<\/div>\n<\/div>\n<div class=\"col-md-1 col-sm-12 col-xs-12\">\n<p class=\"mod-img\">&nbsp;<\/p>\n<\/div>\n<\/div>\n<\/div>\n<div class=\"tmpl-team-9 boldgrid-section dynamic-gridblock background-parallax\" style=\"background-position: 50% 50%; background-size: cover; background-image: url('https:\/\/www.calzadobarbarella.com\/website\/wp-content\/uploads\/2021\/10\/ixlibrb-0.3.5q80fmjpgcropentropycstinysrgbw1600h900fitcropsbb809f5d33c25ea88aac1f576104686e.jpg');\" data-image-url=\"https:\/\/www.calzadobarbarella.com\/website\/wp-content\/uploads\/2021\/10\/ixlibrb-0.3.5q80fmjpgcropentropycstinysrgbw1600h900fitcropsbb809f5d33c25ea88aac1f576104686e.jpg\">\n<div class=\"container-fluid\"><\/div>\n<\/div>\n<div class=\"boldgrid-section\">\n<div class=\"container\"><\/div>\n<\/div>\n","protected":false},"excerpt":{"rendered":"<p>Nosotros Grupo L\u00ednea Barbarella S.A.S. es una empresa dedicada al dise\u00f1o, innovaci\u00f3n, producci\u00f3n y comercializaci\u00f3n de calzado en cuero, especialmente para dama; tales como botas, botines, zapato casual, zapato plano, zapato institucional para damas y caballeros. Historia El pasado de la compa\u00f1\u00eda se remonta al mes de Agosto de 1.982, cuando por iniciativa de dos [&hellip;]<\/p>\n","protected":false},"author":1,"featured_media":0,"parent":0,"menu_order":0,"comment_status":"closed","ping_status":"closed","template":"","meta":{"bgseo_title":"","bgseo_description":"","bgseo_robots_index":"index","bgseo_robots_follow":"follow","footnotes":""},"class_list":["post-7","page","type-page","status-publish"],"_links":{"self":[{"href":"https:\/\/www.calzadobarbarella.com\/website\/wp-json\/wp\/v2\/pages\/7","targetHints":{"allow":["GET"]}}],"collection":[{"href":"https:\/\/www.calzadobarbarella.com\/website\/wp-json\/wp\/v2\/pages"}],"about":[{"href":"https:\/\/www.calzadobarbarella.com\/website\/wp-json\/wp\/v2\/types\/page"}],"author":[{"embeddable":true,"href":"https:\/\/www.calzadobarbarella.com\/website\/wp-json\/wp\/v2\/users\/1"}],"replies":[{"embeddable":true,"href":"https:\/\/www.calzadobarbarella.com\/website\/wp-json\/wp\/v2\/comments?post=7"}],"version-history":[{"count":10,"href":"https:\/\/www.calzadobarbarella.com\/website\/wp-json\/wp\/v2\/pages\/7\/revisions"}],"predecessor-version":[{"id":1306,"href":"https:\/\/www.calzadobarbarella.com\/website\/wp-json\/wp\/v2\/pages\/7\/revisions\/1306"}],"wp:attachment":[{"href":"https:\/\/www.calzadobarbarella.com\/website\/wp-json\/wp\/v2\/media?parent=7"}],"curies":[{"name":"wp","href":"https:\/\/api.w.org\/{rel}","templated":true}]}}