{"id":1238,"date":"2021-10-06T11:27:42","date_gmt":"2021-10-06T16:27:42","guid":{"rendered":"https:\/\/www.calzadobarbarella.com\/website\/?page_id=1238"},"modified":"2021-10-06T11:38:37","modified_gmt":"2021-10-06T16:38:37","slug":"linea-institucional-hombre","status":"publish","type":"page","link":"https:\/\/www.calzadobarbarella.com\/website\/linea-institucional-hombre\/","title":{"rendered":"Linea Institucional Hombre"},"content":{"rendered":"<div class=\"boldgrid-section\">\n<div class=\"container\">\n<div class=\"row\" style=\"padding-top: 0px;\">\n<div class=\"col-md-12 col-xs-12 col-sm-12\">\n<div class=\"boldgrid-wrap-row boldgrid-slider\" data-config=\"{&quot;arrows&quot;:false,&quot;autoplay&quot;:false,&quot;autoplaySpeed&quot;:10,&quot;adaptiveHeight&quot;:true,&quot;dots&quot;:true,&quot;swipe&quot;:true,&quot;infinite&quot;:true,&quot;colors&quot;:{&quot;dotsColor&quot;:{&quot;type&quot;:&quot;color&quot;,&quot;value&quot;:&quot;#000000&quot;},&quot;arrowsBG&quot;:{&quot;type&quot;:&quot;color&quot;,&quot;value&quot;:&quot;#1a1a1a&quot;,&quot;text&quot;:&quot;#FFFFFF&quot;}},&quot;bgOptions&quot;:{&quot;arrowsPos&quot;:&quot;standard&quot;,&quot;arrowsSize&quot;:&quot;30&quot;,&quot;arrowsDesign&quot;:&quot;square&quot;,&quot;arrowsOverlay&quot;:true,&quot;arrowsIcon&quot;:&quot;angle-double&quot;,&quot;arrowsBgColor&quot;:&quot;#1a1a1a&quot;,&quot;dotsPos&quot;:&quot;bottom&quot;,&quot;dotsSize&quot;:&quot;50&quot;,&quot;dotsOverlay&quot;:false,&quot;dotsColor&quot;:&quot;#000000&quot;}}\">\n<div class=\"row\" style=\"width: 100%; display: inline-block;\">\n<div class=\"col-md-12 col-sm-12 col-xs-12\">\n<div class=\"text-center\">\n<p><img loading=\"lazy\" decoding=\"async\" class=\"aligncenter wp-image-1240 size-large\" src=\"https:\/\/www.calzadobarbarella.com\/website\/wp-content\/uploads\/2021\/10\/BOLICHERO-1024x1024.png\" alt=\"\" width=\"1024\" height=\"1024\" srcset=\"https:\/\/www.calzadobarbarella.com\/website\/wp-content\/uploads\/2021\/10\/BOLICHERO-1024x1024.png 1024w, https:\/\/www.calzadobarbarella.com\/website\/wp-content\/uploads\/2021\/10\/BOLICHERO-300x300.png 300w, https:\/\/www.calzadobarbarella.com\/website\/wp-content\/uploads\/2021\/10\/BOLICHERO-150x150.png 150w, https:\/\/www.calzadobarbarella.com\/website\/wp-content\/uploads\/2021\/10\/BOLICHERO-768x768.png 768w, https:\/\/www.calzadobarbarella.com\/website\/wp-content\/uploads\/2021\/10\/BOLICHERO-48x48.png 48w, https:\/\/www.calzadobarbarella.com\/website\/wp-content\/uploads\/2021\/10\/BOLICHERO-250x250.png 250w, https:\/\/www.calzadobarbarella.com\/website\/wp-content\/uploads\/2021\/10\/BOLICHERO-550x550.png 550w, https:\/\/www.calzadobarbarella.com\/website\/wp-content\/uploads\/2021\/10\/BOLICHERO-800x800.png 800w, https:\/\/www.calzadobarbarella.com\/website\/wp-content\/uploads\/2021\/10\/BOLICHERO-180x180.png 180w, https:\/\/www.calzadobarbarella.com\/website\/wp-content\/uploads\/2021\/10\/BOLICHERO-500x500.png 500w, https:\/\/www.calzadobarbarella.com\/website\/wp-content\/uploads\/2021\/10\/BOLICHERO.png 1080w\" sizes=\"auto, (max-width: 1024px) 100vw, 1024px\" \/>&nbsp;<\/p>\n<h3 style=\"margin-top: 25px;\"><strong>FORMAL HOMBRE<\/strong><\/h3>\n<\/div>\n<\/div>\n<\/div>\n<div class=\"row\" style=\"width: 100%; display: inline-block;\">\n<div class=\"col-md-12 col-sm-12 col-xs-12\">\n<div>\n<h3 class=\"text-center\"><img loading=\"lazy\" decoding=\"async\" class=\"wp-image-1204 size-full aligncenter\" src=\"https:\/\/www.calzadobarbarella.com\/website\/wp-content\/uploads\/2021\/09\/3231-HOM.jpg\" alt=\"FORMAL HOMBRE LINEA INSTITUCIONAL 3231\" width=\"960\" height=\"640\" srcset=\"https:\/\/www.calzadobarbarella.com\/website\/wp-content\/uploads\/2021\/09\/3231-HOM.jpg 960w, https:\/\/www.calzadobarbarella.com\/website\/wp-content\/uploads\/2021\/09\/3231-HOM-300x200.jpg 300w, https:\/\/www.calzadobarbarella.com\/website\/wp-content\/uploads\/2021\/09\/3231-HOM-768x512.jpg 768w, https:\/\/www.calzadobarbarella.com\/website\/wp-content\/uploads\/2021\/09\/3231-HOM-250x167.jpg 250w, https:\/\/www.calzadobarbarella.com\/website\/wp-content\/uploads\/2021\/09\/3231-HOM-550x367.jpg 550w, https:\/\/www.calzadobarbarella.com\/website\/wp-content\/uploads\/2021\/09\/3231-HOM-800x533.jpg 800w, https:\/\/www.calzadobarbarella.com\/website\/wp-content\/uploads\/2021\/09\/3231-HOM-270x180.jpg 270w, https:\/\/www.calzadobarbarella.com\/website\/wp-content\/uploads\/2021\/09\/3231-HOM-450x300.jpg 450w, https:\/\/www.calzadobarbarella.com\/website\/wp-content\/uploads\/2021\/09\/3231-HOM-750x500.jpg 750w\" sizes=\"auto, (max-width: 960px) 100vw, 960px\" \/><\/h3>\n<p>&nbsp;<\/p>\n<h3 class=\"gmql0nx0 l94mrbxd p1ri9a11 lzcic4wl d2edcug0 hpfvmrgz\" dir=\"auto\" style=\"text-align: center;\" tabindex=\"-1\"><span class=\"d2edcug0 hpfvmrgz qv66sw1b c1et5uql lr9zc1uh a8c37x1j keod5gw0 nxhoafnm aigsh9s9 qg6bub1s fe6kdd0r mau55g9w c8b282yb iv3no6db o0t2es00 f530mmz5 hnhda86s oo9gr5id\" dir=\"auto\">FORMAL HOMBRE | 3231<\/span><\/h3>\n<p style=\"margin-top: 25px; text-align: center;\">\u00c1rea administrativa | Precios para venta al por mayor | Numeraci\u00f3n 37 al 43<\/p>\n<\/div>\n<\/div>\n<\/div>\n<div class=\"row\" style=\"width: 100%; display: inline-block;\">\n<div class=\"col-md-12 col-sm-12 col-xs-12\">\n<div class=\"text-center\">\n<p><img loading=\"lazy\" decoding=\"async\" class=\"alignnone wp-image-1184 size-large\" src=\"https:\/\/www.calzadobarbarella.com\/website\/wp-content\/uploads\/2021\/09\/portada-2968-1024x683.jpg\" alt=\"FORMAL HOMBRE LINEA INSTITUCIONAL 2968\" width=\"1024\" height=\"683\" srcset=\"https:\/\/www.calzadobarbarella.com\/website\/wp-content\/uploads\/2021\/09\/portada-2968-1024x683.jpg 1024w, https:\/\/www.calzadobarbarella.com\/website\/wp-content\/uploads\/2021\/09\/portada-2968-300x200.jpg 300w, https:\/\/www.calzadobarbarella.com\/website\/wp-content\/uploads\/2021\/09\/portada-2968-768x512.jpg 768w, https:\/\/www.calzadobarbarella.com\/website\/wp-content\/uploads\/2021\/09\/portada-2968-1536x1024.jpg 1536w, https:\/\/www.calzadobarbarella.com\/website\/wp-content\/uploads\/2021\/09\/portada-2968-250x167.jpg 250w, https:\/\/www.calzadobarbarella.com\/website\/wp-content\/uploads\/2021\/09\/portada-2968-550x367.jpg 550w, https:\/\/www.calzadobarbarella.com\/website\/wp-content\/uploads\/2021\/09\/portada-2968-800x534.jpg 800w, https:\/\/www.calzadobarbarella.com\/website\/wp-content\/uploads\/2021\/09\/portada-2968-270x180.jpg 270w, https:\/\/www.calzadobarbarella.com\/website\/wp-content\/uploads\/2021\/09\/portada-2968-450x300.jpg 450w, https:\/\/www.calzadobarbarella.com\/website\/wp-content\/uploads\/2021\/09\/portada-2968-750x500.jpg 750w, https:\/\/www.calzadobarbarella.com\/website\/wp-content\/uploads\/2021\/09\/portada-2968.jpg 1564w\" sizes=\"auto, (max-width: 1024px) 100vw, 1024px\" \/>&nbsp;<\/p>\n<h3 class=\"gmql0nx0 l94mrbxd p1ri9a11 lzcic4wl d2edcug0 hpfvmrgz\" dir=\"auto\" tabindex=\"-1\"><span class=\"d2edcug0 hpfvmrgz qv66sw1b c1et5uql lr9zc1uh a8c37x1j keod5gw0 nxhoafnm aigsh9s9 qg6bub1s fe6kdd0r mau55g9w c8b282yb iv3no6db o0t2es00 f530mmz5 hnhda86s oo9gr5id\" dir=\"auto\">FORMAL HOMBRE | 2968<\/span><\/h3>\n<p style=\"margin-bottom: 0;\">\u00c1rea administrativa | Precios para venta al por mayor | Numeraci\u00f3n 37 al 43<\/p>\n<\/div>\n<\/div>\n<\/div>\n<\/div>\n<div class=\"boldgrid-wrap-row boldgrid-slider\" data-config=\"{&quot;arrows&quot;:false,&quot;autoplay&quot;:false,&quot;autoplaySpeed&quot;:10,&quot;adaptiveHeight&quot;:true,&quot;dots&quot;:true,&quot;swipe&quot;:true,&quot;infinite&quot;:true,&quot;colors&quot;:{&quot;dotsColor&quot;:{&quot;type&quot;:&quot;color&quot;,&quot;value&quot;:&quot;#000000&quot;},&quot;arrowsBG&quot;:{&quot;type&quot;:&quot;color&quot;,&quot;value&quot;:&quot;#1a1a1a&quot;,&quot;text&quot;:&quot;#FFFFFF&quot;}},&quot;bgOptions&quot;:{&quot;arrowsPos&quot;:&quot;standard&quot;,&quot;arrowsSize&quot;:&quot;30&quot;,&quot;arrowsDesign&quot;:&quot;square&quot;,&quot;arrowsOverlay&quot;:true,&quot;arrowsIcon&quot;:&quot;angle-double&quot;,&quot;arrowsBgColor&quot;:&quot;#1a1a1a&quot;,&quot;dotsPos&quot;:&quot;bottom&quot;,&quot;dotsSize&quot;:&quot;50&quot;,&quot;dotsOverlay&quot;:false,&quot;dotsColor&quot;:&quot;#000000&quot;}}\">\n<div class=\"row\" style=\"width: 100%; display: inline-block;\">\n<div class=\"col-md-12 col-sm-12 col-xs-12\">\n<div class=\"text-center\">\n<p><img loading=\"lazy\" decoding=\"async\" class=\"alignnone wp-image-1206 size-full\" src=\"https:\/\/www.calzadobarbarella.com\/website\/wp-content\/uploads\/2021\/09\/1125-HOM.jpg\" alt=\"FORMAL HOMBRE LINEA INSTITUCIONAL 1125\" width=\"960\" height=\"641\" srcset=\"https:\/\/www.calzadobarbarella.com\/website\/wp-content\/uploads\/2021\/09\/1125-HOM.jpg 960w, https:\/\/www.calzadobarbarella.com\/website\/wp-content\/uploads\/2021\/09\/1125-HOM-300x200.jpg 300w, https:\/\/www.calzadobarbarella.com\/website\/wp-content\/uploads\/2021\/09\/1125-HOM-768x513.jpg 768w, https:\/\/www.calzadobarbarella.com\/website\/wp-content\/uploads\/2021\/09\/1125-HOM-250x167.jpg 250w, https:\/\/www.calzadobarbarella.com\/website\/wp-content\/uploads\/2021\/09\/1125-HOM-550x367.jpg 550w, https:\/\/www.calzadobarbarella.com\/website\/wp-content\/uploads\/2021\/09\/1125-HOM-800x534.jpg 800w, https:\/\/www.calzadobarbarella.com\/website\/wp-content\/uploads\/2021\/09\/1125-HOM-270x180.jpg 270w, https:\/\/www.calzadobarbarella.com\/website\/wp-content\/uploads\/2021\/09\/1125-HOM-449x300.jpg 449w, https:\/\/www.calzadobarbarella.com\/website\/wp-content\/uploads\/2021\/09\/1125-HOM-749x500.jpg 749w\" sizes=\"auto, (max-width: 960px) 100vw, 960px\" \/>&nbsp;<\/p>\n<h3 class=\"gmql0nx0 l94mrbxd p1ri9a11 lzcic4wl d2edcug0 hpfvmrgz\" dir=\"auto\" tabindex=\"-1\"><span class=\"d2edcug0 hpfvmrgz qv66sw1b c1et5uql lr9zc1uh a8c37x1j keod5gw0 nxhoafnm aigsh9s9 qg6bub1s fe6kdd0r mau55g9w c8b282yb iv3no6db o0t2es00 f530mmz5 hnhda86s oo9gr5id\" dir=\"auto\">FORMAL HOMBRE | 1125<\/span><\/h3>\n<p style=\"margin-bottom: 0;\">\u00c1rea administrativa | Precios para venta al por mayor | Numeraci\u00f3n 37 al 43<\/p>\n<\/div>\n<\/div>\n<\/div>\n<div class=\"row\" style=\"width: 100%; display: inline-block;\">\n<div class=\"col-md-12 col-sm-12 col-xs-12\">\n<div class=\"text-center\">\n<p><img loading=\"lazy\" decoding=\"async\" class=\"alignnone wp-image-1205 size-full\" src=\"https:\/\/www.calzadobarbarella.com\/website\/wp-content\/uploads\/2021\/09\/3370-HOM.jpg\" alt=\"FORMAL HOMBRE LINEA INSTITUCIONAL 3370\" width=\"960\" height=\"648\" srcset=\"https:\/\/www.calzadobarbarella.com\/website\/wp-content\/uploads\/2021\/09\/3370-HOM.jpg 960w, https:\/\/www.calzadobarbarella.com\/website\/wp-content\/uploads\/2021\/09\/3370-HOM-300x203.jpg 300w, https:\/\/www.calzadobarbarella.com\/website\/wp-content\/uploads\/2021\/09\/3370-HOM-768x518.jpg 768w, https:\/\/www.calzadobarbarella.com\/website\/wp-content\/uploads\/2021\/09\/3370-HOM-250x169.jpg 250w, https:\/\/www.calzadobarbarella.com\/website\/wp-content\/uploads\/2021\/09\/3370-HOM-550x371.jpg 550w, https:\/\/www.calzadobarbarella.com\/website\/wp-content\/uploads\/2021\/09\/3370-HOM-800x540.jpg 800w, https:\/\/www.calzadobarbarella.com\/website\/wp-content\/uploads\/2021\/09\/3370-HOM-267x180.jpg 267w, https:\/\/www.calzadobarbarella.com\/website\/wp-content\/uploads\/2021\/09\/3370-HOM-444x300.jpg 444w, https:\/\/www.calzadobarbarella.com\/website\/wp-content\/uploads\/2021\/09\/3370-HOM-741x500.jpg 741w\" sizes=\"auto, (max-width: 960px) 100vw, 960px\" \/>&nbsp;<\/p>\n<h3 class=\"gmql0nx0 l94mrbxd p1ri9a11 lzcic4wl d2edcug0 hpfvmrgz\" dir=\"auto\" tabindex=\"-1\"><span class=\"d2edcug0 hpfvmrgz qv66sw1b c1et5uql lr9zc1uh a8c37x1j keod5gw0 nxhoafnm aigsh9s9 qg6bub1s fe6kdd0r mau55g9w c8b282yb iv3no6db o0t2es00 f530mmz5 hnhda86s oo9gr5id\" dir=\"auto\">FORMAL HOMBRE | 3370<\/span><\/h3>\n<p style=\"margin-bottom: 0;\">\u00c1rea administrativa | Precios para venta al por mayor | Numeraci\u00f3n 37 al 43<\/p>\n<\/div>\n<\/div>\n<\/div>\n<div class=\"row\" style=\"width: 100%; display: inline-block;\">\n<div class=\"col-md-12 col-sm-12 col-xs-12\">\n<div class=\"text-center\">\n<p><img loading=\"lazy\" decoding=\"async\" class=\"alignnone wp-image-1203 size-full\" src=\"https:\/\/www.calzadobarbarella.com\/website\/wp-content\/uploads\/2021\/09\/3076-HOMBRE.jpg\" alt=\"FORMAL HOMBRE LINEA INSTITUCIONAL 3076\" width=\"960\" height=\"648\" srcset=\"https:\/\/www.calzadobarbarella.com\/website\/wp-content\/uploads\/2021\/09\/3076-HOMBRE.jpg 960w, https:\/\/www.calzadobarbarella.com\/website\/wp-content\/uploads\/2021\/09\/3076-HOMBRE-300x203.jpg 300w, https:\/\/www.calzadobarbarella.com\/website\/wp-content\/uploads\/2021\/09\/3076-HOMBRE-768x518.jpg 768w, https:\/\/www.calzadobarbarella.com\/website\/wp-content\/uploads\/2021\/09\/3076-HOMBRE-250x169.jpg 250w, https:\/\/www.calzadobarbarella.com\/website\/wp-content\/uploads\/2021\/09\/3076-HOMBRE-550x371.jpg 550w, https:\/\/www.calzadobarbarella.com\/website\/wp-content\/uploads\/2021\/09\/3076-HOMBRE-800x540.jpg 800w, https:\/\/www.calzadobarbarella.com\/website\/wp-content\/uploads\/2021\/09\/3076-HOMBRE-267x180.jpg 267w, https:\/\/www.calzadobarbarella.com\/website\/wp-content\/uploads\/2021\/09\/3076-HOMBRE-444x300.jpg 444w, https:\/\/www.calzadobarbarella.com\/website\/wp-content\/uploads\/2021\/09\/3076-HOMBRE-741x500.jpg 741w\" sizes=\"auto, (max-width: 960px) 100vw, 960px\" \/>&nbsp;<\/p>\n<h3 class=\"gmql0nx0 l94mrbxd p1ri9a11 lzcic4wl d2edcug0 hpfvmrgz\" dir=\"auto\" tabindex=\"-1\"><span class=\"d2edcug0 hpfvmrgz qv66sw1b c1et5uql lr9zc1uh a8c37x1j keod5gw0 nxhoafnm aigsh9s9 qg6bub1s fe6kdd0r mau55g9w c8b282yb iv3no6db o0t2es00 f530mmz5 hnhda86s oo9gr5id\" dir=\"auto\">FORMAL HOMBRE | 3076<\/span><\/h3>\n<p style=\"margin-bottom: 0;\">\u00c1rea administrativa | Precios para venta al por mayor | Numeraci\u00f3n 37 al 43<\/p>\n<\/div>\n<\/div>\n<\/div>\n<\/div>\n<div class=\"boldgrid-wrap-row boldgrid-slider\" data-config=\"{&quot;arrows&quot;:false,&quot;autoplay&quot;:false,&quot;autoplaySpeed&quot;:10,&quot;adaptiveHeight&quot;:true,&quot;dots&quot;:true,&quot;swipe&quot;:true,&quot;infinite&quot;:true,&quot;colors&quot;:{&quot;dotsColor&quot;:{&quot;type&quot;:&quot;color&quot;,&quot;value&quot;:&quot;#000000&quot;},&quot;arrowsBG&quot;:{&quot;type&quot;:&quot;color&quot;,&quot;value&quot;:&quot;#1a1a1a&quot;,&quot;text&quot;:&quot;#FFFFFF&quot;}},&quot;bgOptions&quot;:{&quot;arrowsPos&quot;:&quot;standard&quot;,&quot;arrowsSize&quot;:&quot;30&quot;,&quot;arrowsDesign&quot;:&quot;square&quot;,&quot;arrowsOverlay&quot;:true,&quot;arrowsIcon&quot;:&quot;angle-double&quot;,&quot;arrowsBgColor&quot;:&quot;#1a1a1a&quot;,&quot;dotsPos&quot;:&quot;bottom&quot;,&quot;dotsSize&quot;:&quot;50&quot;,&quot;dotsOverlay&quot;:false,&quot;dotsColor&quot;:&quot;#000000&quot;}}\">\n<div class=\"row\" style=\"width: 100%; display: inline-block;\">\n<div class=\"col-md-12 col-sm-12 col-xs-12\">\n<div class=\"text-center\">\n<p><img loading=\"lazy\" decoding=\"async\" class=\"alignnone wp-image-1208 size-full\" src=\"https:\/\/www.calzadobarbarella.com\/website\/wp-content\/uploads\/2021\/09\/3230-HOMBRE.jpg\" alt=\"FORMAL HOMBRE LINEA INSTITUCIONAL 3230\" width=\"960\" height=\"643\" srcset=\"https:\/\/www.calzadobarbarella.com\/website\/wp-content\/uploads\/2021\/09\/3230-HOMBRE.jpg 960w, https:\/\/www.calzadobarbarella.com\/website\/wp-content\/uploads\/2021\/09\/3230-HOMBRE-300x201.jpg 300w, https:\/\/www.calzadobarbarella.com\/website\/wp-content\/uploads\/2021\/09\/3230-HOMBRE-768x514.jpg 768w, https:\/\/www.calzadobarbarella.com\/website\/wp-content\/uploads\/2021\/09\/3230-HOMBRE-250x167.jpg 250w, https:\/\/www.calzadobarbarella.com\/website\/wp-content\/uploads\/2021\/09\/3230-HOMBRE-550x368.jpg 550w, https:\/\/www.calzadobarbarella.com\/website\/wp-content\/uploads\/2021\/09\/3230-HOMBRE-800x536.jpg 800w, https:\/\/www.calzadobarbarella.com\/website\/wp-content\/uploads\/2021\/09\/3230-HOMBRE-269x180.jpg 269w, https:\/\/www.calzadobarbarella.com\/website\/wp-content\/uploads\/2021\/09\/3230-HOMBRE-448x300.jpg 448w, https:\/\/www.calzadobarbarella.com\/website\/wp-content\/uploads\/2021\/09\/3230-HOMBRE-747x500.jpg 747w\" sizes=\"auto, (max-width: 960px) 100vw, 960px\" \/>&nbsp;<\/p>\n<div class=\"dati1w0a qt6c0cv9 hv4rvrfc discj3wi\">\n<div class=\"n851cfcs\">\n<h3 class=\"gmql0nx0 l94mrbxd p1ri9a11 lzcic4wl d2edcug0 hpfvmrgz\" dir=\"auto\" tabindex=\"-1\"><span class=\"d2edcug0 hpfvmrgz qv66sw1b c1et5uql lr9zc1uh a8c37x1j keod5gw0 nxhoafnm aigsh9s9 qg6bub1s fe6kdd0r mau55g9w c8b282yb iv3no6db o0t2es00 f530mmz5 hnhda86s oo9gr5id\" dir=\"auto\">FORMAL HOMBRE | 3230<\/span><\/h3>\n<\/div>\n<div class=\"\">\n<div class=\"btwxx1t3 j83agx80\">\n<div class=\"ggphbty4 j83agx80 bp9cbjyn\"><\/div>\n<\/div>\n<\/div>\n<\/div>\n<p style=\"margin-bottom: 0;\">\u00c1rea administrativa | Precios para venta al por mayor | Numeraci\u00f3n 37 al 43<\/p>\n<\/div>\n<\/div>\n<\/div>\n<div class=\"row\" style=\"width: 100%; display: inline-block;\">\n<div class=\"col-md-12 col-sm-12 col-xs-12\">\n<div class=\"text-center\">\n<p><img loading=\"lazy\" decoding=\"async\" class=\"alignnone wp-image-1207 size-full\" src=\"https:\/\/www.calzadobarbarella.com\/website\/wp-content\/uploads\/2021\/09\/3431-HOMBRE.jpg\" alt=\"FORMAL HOMBRE LINEA INSTITUCIONAL 3431\" width=\"960\" height=\"654\" srcset=\"https:\/\/www.calzadobarbarella.com\/website\/wp-content\/uploads\/2021\/09\/3431-HOMBRE.jpg 960w, https:\/\/www.calzadobarbarella.com\/website\/wp-content\/uploads\/2021\/09\/3431-HOMBRE-300x204.jpg 300w, https:\/\/www.calzadobarbarella.com\/website\/wp-content\/uploads\/2021\/09\/3431-HOMBRE-768x523.jpg 768w, https:\/\/www.calzadobarbarella.com\/website\/wp-content\/uploads\/2021\/09\/3431-HOMBRE-250x170.jpg 250w, https:\/\/www.calzadobarbarella.com\/website\/wp-content\/uploads\/2021\/09\/3431-HOMBRE-550x375.jpg 550w, https:\/\/www.calzadobarbarella.com\/website\/wp-content\/uploads\/2021\/09\/3431-HOMBRE-800x545.jpg 800w, https:\/\/www.calzadobarbarella.com\/website\/wp-content\/uploads\/2021\/09\/3431-HOMBRE-264x180.jpg 264w, https:\/\/www.calzadobarbarella.com\/website\/wp-content\/uploads\/2021\/09\/3431-HOMBRE-440x300.jpg 440w, https:\/\/www.calzadobarbarella.com\/website\/wp-content\/uploads\/2021\/09\/3431-HOMBRE-734x500.jpg 734w\" sizes=\"auto, (max-width: 960px) 100vw, 960px\" \/>&nbsp;<\/p>\n<h3 class=\"gmql0nx0 l94mrbxd p1ri9a11 lzcic4wl d2edcug0 hpfvmrgz\" dir=\"auto\" tabindex=\"-1\"><span class=\"d2edcug0 hpfvmrgz qv66sw1b c1et5uql lr9zc1uh a8c37x1j keod5gw0 nxhoafnm aigsh9s9 qg6bub1s fe6kdd0r mau55g9w c8b282yb iv3no6db o0t2es00 f530mmz5 hnhda86s oo9gr5id\" dir=\"auto\">FORMAL HOMBRE | 3431<\/span><\/h3>\n<p style=\"margin-bottom: 0;\">\u00c1rea administrativa | Precios para venta al por mayor | Numeraci\u00f3n 37 al 43<\/p>\n<\/div>\n<\/div>\n<\/div>\n<div class=\"row\" style=\"width: 100%; display: inline-block;\">\n<div class=\"col-md-12 col-sm-12 col-xs-12\">\n<div class=\"text-center\">\n<p><img loading=\"lazy\" decoding=\"async\" class=\"alignnone wp-image-1209 size-full\" src=\"https:\/\/www.calzadobarbarella.com\/website\/wp-content\/uploads\/2021\/09\/3102-HOMBRE.jpg\" alt=\"FORMAL HOMBRE LINEA INSTITUCIONAL 3102\" width=\"960\" height=\"580\" srcset=\"https:\/\/www.calzadobarbarella.com\/website\/wp-content\/uploads\/2021\/09\/3102-HOMBRE.jpg 960w, https:\/\/www.calzadobarbarella.com\/website\/wp-content\/uploads\/2021\/09\/3102-HOMBRE-300x181.jpg 300w, https:\/\/www.calzadobarbarella.com\/website\/wp-content\/uploads\/2021\/09\/3102-HOMBRE-768x464.jpg 768w, https:\/\/www.calzadobarbarella.com\/website\/wp-content\/uploads\/2021\/09\/3102-HOMBRE-250x151.jpg 250w, https:\/\/www.calzadobarbarella.com\/website\/wp-content\/uploads\/2021\/09\/3102-HOMBRE-550x332.jpg 550w, https:\/\/www.calzadobarbarella.com\/website\/wp-content\/uploads\/2021\/09\/3102-HOMBRE-800x483.jpg 800w, https:\/\/www.calzadobarbarella.com\/website\/wp-content\/uploads\/2021\/09\/3102-HOMBRE-298x180.jpg 298w, https:\/\/www.calzadobarbarella.com\/website\/wp-content\/uploads\/2021\/09\/3102-HOMBRE-497x300.jpg 497w, https:\/\/www.calzadobarbarella.com\/website\/wp-content\/uploads\/2021\/09\/3102-HOMBRE-828x500.jpg 828w\" sizes=\"auto, (max-width: 960px) 100vw, 960px\" \/>&nbsp;<\/p>\n<h3 class=\"gmql0nx0 l94mrbxd p1ri9a11 lzcic4wl d2edcug0 hpfvmrgz\" dir=\"auto\" tabindex=\"-1\"><span class=\"d2edcug0 hpfvmrgz qv66sw1b c1et5uql lr9zc1uh a8c37x1j keod5gw0 nxhoafnm aigsh9s9 qg6bub1s fe6kdd0r mau55g9w c8b282yb iv3no6db o0t2es00 f530mmz5 hnhda86s oo9gr5id\" dir=\"auto\">FORMAL HOMBRE | 3102<\/span><\/h3>\n<p style=\"margin-bottom: 0;\">\u00c1rea administrativa | Precios para venta al por mayor | Numeraci\u00f3n 37 al 43<\/p>\n<\/div>\n<\/div>\n<\/div>\n<\/div>\n<p>l<\/p>\n<\/div>\n<\/div>\n<\/div>\n<\/div>\n","protected":false},"excerpt":{"rendered":"<p>&nbsp; FORMAL HOMBRE &nbsp; FORMAL HOMBRE | 3231 \u00c1rea administrativa | Precios para venta al por mayor | Numeraci\u00f3n 37 al 43 &nbsp; FORMAL HOMBRE | 2968 \u00c1rea administrativa | Precios para venta al por mayor | Numeraci\u00f3n 37 al 43 &nbsp; FORMAL HOMBRE | 1125 \u00c1rea administrativa | Precios para venta al por mayor [&hellip;]<\/p>\n","protected":false},"author":1,"featured_media":0,"parent":0,"menu_order":0,"comment_status":"closed","ping_status":"closed","template":"","meta":{"bgseo_title":"","bgseo_description":"","bgseo_robots_index":"index","bgseo_robots_follow":"follow","footnotes":""},"class_list":["post-1238","page","type-page","status-publish"],"_links":{"self":[{"href":"https:\/\/www.calzadobarbarella.com\/website\/wp-json\/wp\/v2\/pages\/1238","targetHints":{"allow":["GET"]}}],"collection":[{"href":"https:\/\/www.calzadobarbarella.com\/website\/wp-json\/wp\/v2\/pages"}],"about":[{"href":"https:\/\/www.calzadobarbarella.com\/website\/wp-json\/wp\/v2\/types\/page"}],"author":[{"embeddable":true,"href":"https:\/\/www.calzadobarbarella.com\/website\/wp-json\/wp\/v2\/users\/1"}],"replies":[{"embeddable":true,"href":"https:\/\/www.calzadobarbarella.com\/website\/wp-json\/wp\/v2\/comments?post=1238"}],"version-history":[{"count":4,"href":"https:\/\/www.calzadobarbarella.com\/website\/wp-json\/wp\/v2\/pages\/1238\/revisions"}],"predecessor-version":[{"id":1246,"href":"https:\/\/www.calzadobarbarella.com\/website\/wp-json\/wp\/v2\/pages\/1238\/revisions\/1246"}],"wp:attachment":[{"href":"https:\/\/www.calzadobarbarella.com\/website\/wp-json\/wp\/v2\/media?parent=1238"}],"curies":[{"name":"wp","href":"https:\/\/api.w.org\/{rel}","templated":true}]}}