{"id":1230,"date":"2021-10-06T10:39:25","date_gmt":"2021-10-06T15:39:25","guid":{"rendered":"https:\/\/www.calzadobarbarella.com\/website\/?page_id=1230"},"modified":"2021-10-20T21:25:46","modified_gmt":"2021-10-21T02:25:46","slug":"linea-institucional-mocasin-dama","status":"publish","type":"page","link":"https:\/\/www.calzadobarbarella.com\/website\/linea-institucional-mocasin-dama\/","title":{"rendered":"Linea Institucional Mocas\u00edn Dama"},"content":{"rendered":"<div class=\"boldgrid-section\">\n<div class=\"container\">\n<div class=\"row\" style=\"padding-top: 0px; padding-bottom: 20px;\">\n<div class=\"col-md-12 col-sm-12 col-xs-12\">\n<h2 class=\"\" style=\"text-align: center;\">LINEA INSTITUCIONAL MOCAS\u00cdN DAMA<\/h2>\n<p class=\"\">Con esta Linea usted podr\u00e1 elegir entre una amplia variedad de modelos enfocados al personal que labora en el \u00e1rea <strong>OPERATIVA y DE SERVICIOS GENERALES<\/strong> de su empresa, de igual manera si ve que ninguno de ellos se ajusta a sus necesidades podemos asesorarlo y crear una nueva colecci\u00f3n ajustada a sus necesidades<\/p>\n<\/div>\n<\/div>\n<\/div>\n<\/div>\n<div class=\"boldgrid-slider boldgrid-section-wrap\" data-config=\"{&quot;arrows&quot;:true,&quot;autoplay&quot;:false,&quot;autoplaySpeed&quot;:10,&quot;adaptiveHeight&quot;:true,&quot;dots&quot;:false,&quot;swipe&quot;:true,&quot;infinite&quot;:true,&quot;colors&quot;:{&quot;dotsColor&quot;:{&quot;type&quot;:&quot;color&quot;,&quot;value&quot;:&quot;#000000&quot;},&quot;arrowsBG&quot;:{&quot;type&quot;:&quot;color&quot;,&quot;value&quot;:&quot;#1a1a1a&quot;,&quot;text&quot;:&quot;#FFFFFF&quot;}},&quot;bgOptions&quot;:{&quot;arrowsPos&quot;:&quot;standard&quot;,&quot;arrowsSize&quot;:&quot;30&quot;,&quot;arrowsDesign&quot;:&quot;square&quot;,&quot;arrowsOverlay&quot;:true,&quot;arrowsIcon&quot;:&quot;angle-double&quot;,&quot;arrowsBgColor&quot;:&quot;#1a1a1a&quot;,&quot;dotsPos&quot;:&quot;bottom&quot;,&quot;dotsSize&quot;:&quot;50&quot;,&quot;dotsOverlay&quot;:false,&quot;dotsColor&quot;:&quot;#000000&quot;}}\">\n<div class=\"boldgrid-section\" style=\"width: 100%; display: inline-block;\">\n<div class=\"container\" style=\"padding-left: 44.5874px; padding-right: 44.5874px;\">\n<div class=\"row\" style=\"padding-top: 0px; padding-bottom: 10px;\">\n<div class=\"col-md-12 col-xs-12 col-sm-12\">\n<h3 class=\"\" style=\"text-align: center;\"><span style=\"color: #008000;\">MOCASIN DAMA | 3344<\/span><\/h3>\n<p class=\"mod-reset\"><img loading=\"lazy\" decoding=\"async\" class=\"size-medium wp-image-1165 aligncenter\" src=\"https:\/\/www.calzadobarbarella.com\/website\/wp-content\/uploads\/2021\/09\/portada-3344-300x199.jpg\" alt=\"MOCASIN DAMA LINEA INSTITUCIONAL 3344\" width=\"300\" height=\"199\" srcset=\"https:\/\/www.calzadobarbarella.com\/website\/wp-content\/uploads\/2021\/09\/portada-3344-300x199.jpg 300w, https:\/\/www.calzadobarbarella.com\/website\/wp-content\/uploads\/2021\/09\/portada-3344-1024x678.jpg 1024w, https:\/\/www.calzadobarbarella.com\/website\/wp-content\/uploads\/2021\/09\/portada-3344-768x508.jpg 768w, https:\/\/www.calzadobarbarella.com\/website\/wp-content\/uploads\/2021\/09\/portada-3344-1536x1016.jpg 1536w, https:\/\/www.calzadobarbarella.com\/website\/wp-content\/uploads\/2021\/09\/portada-3344-250x165.jpg 250w, https:\/\/www.calzadobarbarella.com\/website\/wp-content\/uploads\/2021\/09\/portada-3344-550x364.jpg 550w, https:\/\/www.calzadobarbarella.com\/website\/wp-content\/uploads\/2021\/09\/portada-3344-800x529.jpg 800w, https:\/\/www.calzadobarbarella.com\/website\/wp-content\/uploads\/2021\/09\/portada-3344-272x180.jpg 272w, https:\/\/www.calzadobarbarella.com\/website\/wp-content\/uploads\/2021\/09\/portada-3344-453x300.jpg 453w, https:\/\/www.calzadobarbarella.com\/website\/wp-content\/uploads\/2021\/09\/portada-3344-756x500.jpg 756w, https:\/\/www.calzadobarbarella.com\/website\/wp-content\/uploads\/2021\/09\/portada-3344.jpg 1546w\" sizes=\"auto, (max-width: 300px) 100vw, 300px\" \/><\/p>\n<p class=\"\">&nbsp;<\/p>\n<\/div>\n<\/div>\n<div class=\"row\" style=\"padding-top: 10px; padding-bottom: 0px;\">\n<div class=\"col-md-4 col-xs-12 col-sm-12\">\n<p class=\"mod-reset\"><img loading=\"lazy\" decoding=\"async\" class=\"size-medium wp-image-1164 aligncenter\" src=\"https:\/\/www.calzadobarbarella.com\/website\/wp-content\/uploads\/2021\/09\/3344Miel_-269x300.jpg\" alt=\"MOCASIN DAMA LINEA INSTITUCIONAL 3344\" width=\"269\" height=\"300\" srcset=\"https:\/\/www.calzadobarbarella.com\/website\/wp-content\/uploads\/2021\/09\/3344Miel_-269x300.jpg 269w, https:\/\/www.calzadobarbarella.com\/website\/wp-content\/uploads\/2021\/09\/3344Miel_-918x1024.jpg 918w, https:\/\/www.calzadobarbarella.com\/website\/wp-content\/uploads\/2021\/09\/3344Miel_-768x857.jpg 768w, https:\/\/www.calzadobarbarella.com\/website\/wp-content\/uploads\/2021\/09\/3344Miel_-250x279.jpg 250w, https:\/\/www.calzadobarbarella.com\/website\/wp-content\/uploads\/2021\/09\/3344Miel_-550x613.jpg 550w, https:\/\/www.calzadobarbarella.com\/website\/wp-content\/uploads\/2021\/09\/3344Miel_-800x892.jpg 800w, https:\/\/www.calzadobarbarella.com\/website\/wp-content\/uploads\/2021\/09\/3344Miel_-161x180.jpg 161w, https:\/\/www.calzadobarbarella.com\/website\/wp-content\/uploads\/2021\/09\/3344Miel_-448x500.jpg 448w, https:\/\/www.calzadobarbarella.com\/website\/wp-content\/uploads\/2021\/09\/3344Miel_.jpg 1076w\" sizes=\"auto, (max-width: 269px) 100vw, 269px\" \/><\/p>\n<div style=\"text-align: center;\"><\/div>\n<\/div>\n<div class=\"col-md-4 col-xs-12 col-sm-12\">\n<p class=\"mod-reset\"><img loading=\"lazy\" decoding=\"async\" class=\"aligncenter wp-image-1163 size-medium\" src=\"https:\/\/www.calzadobarbarella.com\/website\/wp-content\/uploads\/2021\/09\/3344Cafexvino-206x300.jpg\" alt=\"MOCASIN DAMA LINEA INSTITUCIONAL 3344\" width=\"206\" height=\"300\" srcset=\"https:\/\/www.calzadobarbarella.com\/website\/wp-content\/uploads\/2021\/09\/3344Cafexvino-206x300.jpg 206w, https:\/\/www.calzadobarbarella.com\/website\/wp-content\/uploads\/2021\/09\/3344Cafexvino-702x1024.jpg 702w, https:\/\/www.calzadobarbarella.com\/website\/wp-content\/uploads\/2021\/09\/3344Cafexvino-768x1120.jpg 768w, https:\/\/www.calzadobarbarella.com\/website\/wp-content\/uploads\/2021\/09\/3344Cafexvino-250x365.jpg 250w, https:\/\/www.calzadobarbarella.com\/website\/wp-content\/uploads\/2021\/09\/3344Cafexvino-550x802.jpg 550w, https:\/\/www.calzadobarbarella.com\/website\/wp-content\/uploads\/2021\/09\/3344Cafexvino-800x1166.jpg 800w, https:\/\/www.calzadobarbarella.com\/website\/wp-content\/uploads\/2021\/09\/3344Cafexvino-123x180.jpg 123w, https:\/\/www.calzadobarbarella.com\/website\/wp-content\/uploads\/2021\/09\/3344Cafexvino-343x500.jpg 343w, https:\/\/www.calzadobarbarella.com\/website\/wp-content\/uploads\/2021\/09\/3344Cafexvino.jpg 823w\" sizes=\"auto, (max-width: 206px) 100vw, 206px\" \/><\/p>\n<\/div>\n<div class=\"col-md-4 col-xs-12 col-sm-12\">\n<p class=\"mod-reset\"><img loading=\"lazy\" decoding=\"async\" class=\"aligncenter wp-image-1166 size-medium\" src=\"https:\/\/www.calzadobarbarella.com\/website\/wp-content\/uploads\/2021\/09\/3344Platavieja-225x300.jpg\" alt=\"MOCASIN DAMA LINEA INSTITUCIONAL 3344\" width=\"225\" height=\"300\" srcset=\"https:\/\/www.calzadobarbarella.com\/website\/wp-content\/uploads\/2021\/09\/3344Platavieja-225x300.jpg 225w, https:\/\/www.calzadobarbarella.com\/website\/wp-content\/uploads\/2021\/09\/3344Platavieja-768x1024.jpg 768w, https:\/\/www.calzadobarbarella.com\/website\/wp-content\/uploads\/2021\/09\/3344Platavieja-250x333.jpg 250w, https:\/\/www.calzadobarbarella.com\/website\/wp-content\/uploads\/2021\/09\/3344Platavieja-550x733.jpg 550w, https:\/\/www.calzadobarbarella.com\/website\/wp-content\/uploads\/2021\/09\/3344Platavieja-800x1067.jpg 800w, https:\/\/www.calzadobarbarella.com\/website\/wp-content\/uploads\/2021\/09\/3344Platavieja-135x180.jpg 135w, https:\/\/www.calzadobarbarella.com\/website\/wp-content\/uploads\/2021\/09\/3344Platavieja-375x500.jpg 375w, https:\/\/www.calzadobarbarella.com\/website\/wp-content\/uploads\/2021\/09\/3344Platavieja.jpg 900w\" sizes=\"auto, (max-width: 225px) 100vw, 225px\" \/><\/p>\n<\/div>\n<\/div>\n<\/div>\n<\/div>\n<div class=\"boldgrid-section\" style=\"width: 100%; display: inline-block;\">\n<div class=\"container\" style=\"padding-left: 44.5874px; padding-right: 44.5874px;\">\n<div class=\"row\" style=\"padding-top: 0px; padding-bottom: 10px;\">\n<div class=\"col-md-12 col-xs-12 col-sm-12\">\n<h3 class=\"\" style=\"text-align: center;\"><span style=\"color: #008000;\">MOCASIN DAMA | 3178<\/span><\/h3>\n<p class=\"mod-reset\"><img loading=\"lazy\" decoding=\"async\" class=\"size-medium wp-image-1173 aligncenter\" src=\"https:\/\/www.calzadobarbarella.com\/website\/wp-content\/uploads\/2021\/09\/portada-3178-300x200.jpg\" alt=\"MOCASIN DAMA LINEA INSTITUCIONAL 3178\" width=\"300\" height=\"200\" srcset=\"https:\/\/www.calzadobarbarella.com\/website\/wp-content\/uploads\/2021\/09\/portada-3178-300x200.jpg 300w, https:\/\/www.calzadobarbarella.com\/website\/wp-content\/uploads\/2021\/09\/portada-3178-1024x684.jpg 1024w, https:\/\/www.calzadobarbarella.com\/website\/wp-content\/uploads\/2021\/09\/portada-3178-768x513.jpg 768w, https:\/\/www.calzadobarbarella.com\/website\/wp-content\/uploads\/2021\/09\/portada-3178-1536x1025.jpg 1536w, https:\/\/www.calzadobarbarella.com\/website\/wp-content\/uploads\/2021\/09\/portada-3178-250x167.jpg 250w, https:\/\/www.calzadobarbarella.com\/website\/wp-content\/uploads\/2021\/09\/portada-3178-550x367.jpg 550w, https:\/\/www.calzadobarbarella.com\/website\/wp-content\/uploads\/2021\/09\/portada-3178-800x534.jpg 800w, https:\/\/www.calzadobarbarella.com\/website\/wp-content\/uploads\/2021\/09\/portada-3178-270x180.jpg 270w, https:\/\/www.calzadobarbarella.com\/website\/wp-content\/uploads\/2021\/09\/portada-3178-449x300.jpg 449w, https:\/\/www.calzadobarbarella.com\/website\/wp-content\/uploads\/2021\/09\/portada-3178-749x500.jpg 749w, https:\/\/www.calzadobarbarella.com\/website\/wp-content\/uploads\/2021\/09\/portada-3178.jpg 1564w\" sizes=\"auto, (max-width: 300px) 100vw, 300px\" \/><\/p>\n<\/div>\n<\/div>\n<div class=\"row\" style=\"padding-top: 10px; padding-bottom: 0px;\">\n<div class=\"col-md-4 col-xs-12 col-sm-12\">\n<p class=\"mod-reset\"><img loading=\"lazy\" decoding=\"async\" class=\"size-medium wp-image-1174 aligncenter\" src=\"https:\/\/www.calzadobarbarella.com\/website\/wp-content\/uploads\/2021\/09\/3178Vino10-225x300.jpg\" alt=\"MOCASIN DAMA LINEA INSTITUCIONAL 3178\" width=\"225\" height=\"300\" srcset=\"https:\/\/www.calzadobarbarella.com\/website\/wp-content\/uploads\/2021\/09\/3178Vino10-225x300.jpg 225w, https:\/\/www.calzadobarbarella.com\/website\/wp-content\/uploads\/2021\/09\/3178Vino10-768x1024.jpg 768w, https:\/\/www.calzadobarbarella.com\/website\/wp-content\/uploads\/2021\/09\/3178Vino10-250x333.jpg 250w, https:\/\/www.calzadobarbarella.com\/website\/wp-content\/uploads\/2021\/09\/3178Vino10-550x733.jpg 550w, https:\/\/www.calzadobarbarella.com\/website\/wp-content\/uploads\/2021\/09\/3178Vino10-800x1067.jpg 800w, https:\/\/www.calzadobarbarella.com\/website\/wp-content\/uploads\/2021\/09\/3178Vino10-135x180.jpg 135w, https:\/\/www.calzadobarbarella.com\/website\/wp-content\/uploads\/2021\/09\/3178Vino10-375x500.jpg 375w, https:\/\/www.calzadobarbarella.com\/website\/wp-content\/uploads\/2021\/09\/3178Vino10.jpg 900w\" sizes=\"auto, (max-width: 225px) 100vw, 225px\" \/><\/p>\n<div style=\"text-align: center;\"><\/div>\n<\/div>\n<div class=\"col-md-4 col-xs-12 col-sm-12\">\n<p class=\"mod-reset\"><img loading=\"lazy\" decoding=\"async\" class=\"aligncenter wp-image-1176 size-medium\" src=\"https:\/\/www.calzadobarbarella.com\/website\/wp-content\/uploads\/2021\/09\/3178Vino14-256x300.jpg\" alt=\"MOCASIN DAMA LINEA INSTITUCIONAL 3178\" width=\"256\" height=\"300\" srcset=\"https:\/\/www.calzadobarbarella.com\/website\/wp-content\/uploads\/2021\/09\/3178Vino14-256x300.jpg 256w, https:\/\/www.calzadobarbarella.com\/website\/wp-content\/uploads\/2021\/09\/3178Vino14-875x1024.jpg 875w, https:\/\/www.calzadobarbarella.com\/website\/wp-content\/uploads\/2021\/09\/3178Vino14-768x899.jpg 768w, https:\/\/www.calzadobarbarella.com\/website\/wp-content\/uploads\/2021\/09\/3178Vino14-250x293.jpg 250w, https:\/\/www.calzadobarbarella.com\/website\/wp-content\/uploads\/2021\/09\/3178Vino14-550x644.jpg 550w, https:\/\/www.calzadobarbarella.com\/website\/wp-content\/uploads\/2021\/09\/3178Vino14-800x937.jpg 800w, https:\/\/www.calzadobarbarella.com\/website\/wp-content\/uploads\/2021\/09\/3178Vino14-154x180.jpg 154w, https:\/\/www.calzadobarbarella.com\/website\/wp-content\/uploads\/2021\/09\/3178Vino14-427x500.jpg 427w, https:\/\/www.calzadobarbarella.com\/website\/wp-content\/uploads\/2021\/09\/3178Vino14.jpg 1025w\" sizes=\"auto, (max-width: 256px) 100vw, 256px\" \/><\/p>\n<div style=\"text-align: center;\"><\/div>\n<\/div>\n<div class=\"col-md-4 col-xs-12 col-sm-12\">\n<p class=\"mod-reset\"><img loading=\"lazy\" decoding=\"async\" class=\"aligncenter wp-image-1175 size-medium\" src=\"https:\/\/www.calzadobarbarella.com\/website\/wp-content\/uploads\/2021\/09\/3178Vino13-225x300.jpg\" alt=\"MOCASIN DAMA LINEA INSTITUCIONAL 3178\" width=\"225\" height=\"300\" srcset=\"https:\/\/www.calzadobarbarella.com\/website\/wp-content\/uploads\/2021\/09\/3178Vino13-225x300.jpg 225w, https:\/\/www.calzadobarbarella.com\/website\/wp-content\/uploads\/2021\/09\/3178Vino13-768x1024.jpg 768w, https:\/\/www.calzadobarbarella.com\/website\/wp-content\/uploads\/2021\/09\/3178Vino13-250x333.jpg 250w, https:\/\/www.calzadobarbarella.com\/website\/wp-content\/uploads\/2021\/09\/3178Vino13-550x733.jpg 550w, https:\/\/www.calzadobarbarella.com\/website\/wp-content\/uploads\/2021\/09\/3178Vino13-800x1067.jpg 800w, https:\/\/www.calzadobarbarella.com\/website\/wp-content\/uploads\/2021\/09\/3178Vino13-135x180.jpg 135w, https:\/\/www.calzadobarbarella.com\/website\/wp-content\/uploads\/2021\/09\/3178Vino13-375x500.jpg 375w, https:\/\/www.calzadobarbarella.com\/website\/wp-content\/uploads\/2021\/09\/3178Vino13.jpg 900w\" sizes=\"auto, (max-width: 225px) 100vw, 225px\" \/><\/p>\n<\/div>\n<\/div>\n<\/div>\n<\/div>\n<div class=\"boldgrid-section\" style=\"width: 100%; display: inline-block;\">\n<div class=\"container\" style=\"padding-left: 44.5874px; padding-right: 44.5874px;\">\n<div class=\"row\" style=\"padding-top: 0px; padding-bottom: 10px;\">\n<div class=\"col-md-12 col-xs-12 col-sm-12\">\n<h3 class=\"\" style=\"text-align: center;\"><span style=\"color: #008000;\">MOCASIN DAMA | 2612<\/span><\/h3>\n<p class=\"mod-reset\"><img loading=\"lazy\" decoding=\"async\" class=\"size-medium wp-image-1190 aligncenter\" src=\"https:\/\/www.calzadobarbarella.com\/website\/wp-content\/uploads\/2021\/09\/portada-2612-300x200.png\" alt=\"MOCASIN DAMA LINEA INSTITUCIONAL 2612\" width=\"300\" height=\"200\" srcset=\"https:\/\/www.calzadobarbarella.com\/website\/wp-content\/uploads\/2021\/09\/portada-2612-300x200.png 300w, https:\/\/www.calzadobarbarella.com\/website\/wp-content\/uploads\/2021\/09\/portada-2612-1024x683.png 1024w, https:\/\/www.calzadobarbarella.com\/website\/wp-content\/uploads\/2021\/09\/portada-2612-768x512.png 768w, https:\/\/www.calzadobarbarella.com\/website\/wp-content\/uploads\/2021\/09\/portada-2612-1536x1025.png 1536w, https:\/\/www.calzadobarbarella.com\/website\/wp-content\/uploads\/2021\/09\/portada-2612-250x167.png 250w, https:\/\/www.calzadobarbarella.com\/website\/wp-content\/uploads\/2021\/09\/portada-2612-550x367.png 550w, https:\/\/www.calzadobarbarella.com\/website\/wp-content\/uploads\/2021\/09\/portada-2612-800x534.png 800w, https:\/\/www.calzadobarbarella.com\/website\/wp-content\/uploads\/2021\/09\/portada-2612-270x180.png 270w, https:\/\/www.calzadobarbarella.com\/website\/wp-content\/uploads\/2021\/09\/portada-2612-450x300.png 450w, https:\/\/www.calzadobarbarella.com\/website\/wp-content\/uploads\/2021\/09\/portada-2612-750x500.png 750w, https:\/\/www.calzadobarbarella.com\/website\/wp-content\/uploads\/2021\/09\/portada-2612.png 1565w\" sizes=\"auto, (max-width: 300px) 100vw, 300px\" \/><\/p>\n<p class=\"\">&nbsp;<\/p>\n<\/div>\n<\/div>\n<div class=\"row\" style=\"padding-top: 10px; padding-bottom: 1px;\">\n<div class=\"col-md-4 col-xs-12 col-sm-12\">\n<p class=\"mod-reset\"><img loading=\"lazy\" decoding=\"async\" class=\"size-medium wp-image-1192 aligncenter\" src=\"https:\/\/www.calzadobarbarella.com\/website\/wp-content\/uploads\/2021\/09\/2612Negro2-225x300.jpg\" alt=\"MOCASIN DAMA LINEA INSTITUCIONAL 2612\" width=\"225\" height=\"300\" srcset=\"https:\/\/www.calzadobarbarella.com\/website\/wp-content\/uploads\/2021\/09\/2612Negro2-225x300.jpg 225w, https:\/\/www.calzadobarbarella.com\/website\/wp-content\/uploads\/2021\/09\/2612Negro2-768x1024.jpg 768w, https:\/\/www.calzadobarbarella.com\/website\/wp-content\/uploads\/2021\/09\/2612Negro2-250x333.jpg 250w, https:\/\/www.calzadobarbarella.com\/website\/wp-content\/uploads\/2021\/09\/2612Negro2-550x733.jpg 550w, https:\/\/www.calzadobarbarella.com\/website\/wp-content\/uploads\/2021\/09\/2612Negro2-800x1067.jpg 800w, https:\/\/www.calzadobarbarella.com\/website\/wp-content\/uploads\/2021\/09\/2612Negro2-135x180.jpg 135w, https:\/\/www.calzadobarbarella.com\/website\/wp-content\/uploads\/2021\/09\/2612Negro2-375x500.jpg 375w, https:\/\/www.calzadobarbarella.com\/website\/wp-content\/uploads\/2021\/09\/2612Negro2.jpg 900w\" sizes=\"auto, (max-width: 225px) 100vw, 225px\" \/><\/p>\n<div style=\"text-align: center;\"><\/div>\n<\/div>\n<div class=\"col-md-4 col-xs-12 col-sm-12\">\n<p class=\"mod-reset\"><img loading=\"lazy\" decoding=\"async\" class=\"aligncenter wp-image-1191 size-medium\" src=\"https:\/\/www.calzadobarbarella.com\/website\/wp-content\/uploads\/2021\/09\/2612NegroJean-225x300.jpg\" alt=\"MOCASIN DAMA LINEA INSTITUCIONAL 2612\" width=\"225\" height=\"300\" srcset=\"https:\/\/www.calzadobarbarella.com\/website\/wp-content\/uploads\/2021\/09\/2612NegroJean-225x300.jpg 225w, https:\/\/www.calzadobarbarella.com\/website\/wp-content\/uploads\/2021\/09\/2612NegroJean-768x1024.jpg 768w, https:\/\/www.calzadobarbarella.com\/website\/wp-content\/uploads\/2021\/09\/2612NegroJean-250x333.jpg 250w, https:\/\/www.calzadobarbarella.com\/website\/wp-content\/uploads\/2021\/09\/2612NegroJean-550x733.jpg 550w, https:\/\/www.calzadobarbarella.com\/website\/wp-content\/uploads\/2021\/09\/2612NegroJean-800x1067.jpg 800w, https:\/\/www.calzadobarbarella.com\/website\/wp-content\/uploads\/2021\/09\/2612NegroJean-135x180.jpg 135w, https:\/\/www.calzadobarbarella.com\/website\/wp-content\/uploads\/2021\/09\/2612NegroJean-375x500.jpg 375w, https:\/\/www.calzadobarbarella.com\/website\/wp-content\/uploads\/2021\/09\/2612NegroJean.jpg 900w\" sizes=\"auto, (max-width: 225px) 100vw, 225px\" \/><\/p>\n<\/div>\n<div class=\"col-md-4 col-xs-12 col-sm-12\">\n<p class=\"mod-reset\"><img loading=\"lazy\" decoding=\"async\" class=\"aligncenter wp-image-1234 size-medium\" src=\"https:\/\/www.calzadobarbarella.com\/website\/wp-content\/uploads\/2021\/10\/2612-300x173.png\" alt=\"\" width=\"300\" height=\"173\" srcset=\"https:\/\/www.calzadobarbarella.com\/website\/wp-content\/uploads\/2021\/10\/2612-300x173.png 300w, https:\/\/www.calzadobarbarella.com\/website\/wp-content\/uploads\/2021\/10\/2612-768x444.png 768w, https:\/\/www.calzadobarbarella.com\/website\/wp-content\/uploads\/2021\/10\/2612-250x144.png 250w, https:\/\/www.calzadobarbarella.com\/website\/wp-content\/uploads\/2021\/10\/2612-550x318.png 550w, https:\/\/www.calzadobarbarella.com\/website\/wp-content\/uploads\/2021\/10\/2612-800x462.png 800w, https:\/\/www.calzadobarbarella.com\/website\/wp-content\/uploads\/2021\/10\/2612-311x180.png 311w, https:\/\/www.calzadobarbarella.com\/website\/wp-content\/uploads\/2021\/10\/2612-519x300.png 519w, https:\/\/www.calzadobarbarella.com\/website\/wp-content\/uploads\/2021\/10\/2612-865x500.png 865w, https:\/\/www.calzadobarbarella.com\/website\/wp-content\/uploads\/2021\/10\/2612.png 912w\" sizes=\"auto, (max-width: 300px) 100vw, 300px\" \/><\/p>\n<\/div>\n<\/div>\n<\/div>\n<\/div>\n<\/div>\n<div class=\"boldgrid-section\">\n<div class=\"container\">\n<div class=\"row\" style=\"padding-top: 0px; padding-bottom: 20px;\">\n<div class=\"col-md-12 col-xs-12 col-sm-12\">\n<div class=\"kvgmc6g5 cxmmr5t8 oygrvhab hcukyx3x c1et5uql\" style=\"text-align: center;\"><strong><span style=\"vertical-align: inherit;\">\u00c1rea operativa<\/span><\/strong>&nbsp;<\/div>\n<div class=\"o9v6fnle cxmmr5t8 oygrvhab hcukyx3x c1et5uql\" style=\"text-align: center;\">&#8211; <strong>Color:<\/strong> Extensa gama de colores<\/div>\n<div class=\"o9v6fnle cxmmr5t8 oygrvhab hcukyx3x c1et5uql\" style=\"text-align: center;\">&#8211; <strong>Material:<\/strong> Capellada Cuero<\/div>\n<div class=\"o9v6fnle cxmmr5t8 oygrvhab hcukyx3x c1et5uql\" style=\"text-align: center;\">&#8211; <strong>Forro<\/strong> Textil x Cuero<\/div>\n<div class=\"o9v6fnle cxmmr5t8 oygrvhab hcukyx3x c1et5uql\" style=\"text-align: center;\">&#8211; <strong>Plantilla<\/strong> de lujo Cuero con Eva 2,5 mm<\/div>\n<div class=\"o9v6fnle cxmmr5t8 oygrvhab hcukyx3x c1et5uql\" style=\"text-align: center;\">&#8211; <strong>Suela:<\/strong> Caucho expandido 4 mm Neolite \/ 4 mm TR PU<\/div>\n<div class=\"o9v6fnle cxmmr5t8 oygrvhab hcukyx3x c1et5uql\" style=\"text-align: center;\">&#8211; <strong>Tama\u00f1o:<\/strong> 34 al 39<\/div>\n<div style=\"text-align: center;\"><em>Precios para venta al por mayor<\/em><\/div>\n<\/div>\n<\/div>\n<\/div>\n<\/div>\n<div class=\"boldgrid-section\">\n<div class=\"container\">\n<div class=\"row\">\n<div class=\"col-md-12 col-xs-12 col-sm-12\"><\/div>\n<\/div>\n<\/div>\n<\/div>\n","protected":false},"excerpt":{"rendered":"<p>LINEA INSTITUCIONAL MOCAS\u00cdN DAMA Con esta Linea usted podr\u00e1 elegir entre una amplia variedad de modelos enfocados al personal que labora en el \u00e1rea OPERATIVA y DE SERVICIOS GENERALES de su empresa, de igual manera si ve que ninguno de ellos se ajusta a sus necesidades podemos asesorarlo y crear una nueva colecci\u00f3n ajustada a [&hellip;]<\/p>\n","protected":false},"author":1,"featured_media":0,"parent":0,"menu_order":0,"comment_status":"closed","ping_status":"closed","template":"","meta":{"bgseo_title":"","bgseo_description":"","bgseo_robots_index":"index","bgseo_robots_follow":"follow","footnotes":""},"class_list":["post-1230","page","type-page","status-publish"],"_links":{"self":[{"href":"https:\/\/www.calzadobarbarella.com\/website\/wp-json\/wp\/v2\/pages\/1230","targetHints":{"allow":["GET"]}}],"collection":[{"href":"https:\/\/www.calzadobarbarella.com\/website\/wp-json\/wp\/v2\/pages"}],"about":[{"href":"https:\/\/www.calzadobarbarella.com\/website\/wp-json\/wp\/v2\/types\/page"}],"author":[{"embeddable":true,"href":"https:\/\/www.calzadobarbarella.com\/website\/wp-json\/wp\/v2\/users\/1"}],"replies":[{"embeddable":true,"href":"https:\/\/www.calzadobarbarella.com\/website\/wp-json\/wp\/v2\/comments?post=1230"}],"version-history":[{"count":8,"href":"https:\/\/www.calzadobarbarella.com\/website\/wp-json\/wp\/v2\/pages\/1230\/revisions"}],"predecessor-version":[{"id":1298,"href":"https:\/\/www.calzadobarbarella.com\/website\/wp-json\/wp\/v2\/pages\/1230\/revisions\/1298"}],"wp:attachment":[{"href":"https:\/\/www.calzadobarbarella.com\/website\/wp-json\/wp\/v2\/media?parent=1230"}],"curies":[{"name":"wp","href":"https:\/\/api.w.org\/{rel}","templated":true}]}}