{"id":1054,"date":"2020-10-20T18:27:36","date_gmt":"2020-10-20T23:27:36","guid":{"rendered":"https:\/\/www.calzadobarbarella.com\/website\/?page_id=1054"},"modified":"2020-10-21T13:06:32","modified_gmt":"2020-10-21T18:06:32","slug":"botin-shenoa-3398a","status":"publish","type":"page","link":"https:\/\/www.calzadobarbarella.com\/website\/botin-shenoa-3398a\/","title":{"rendered":"Bot\u00edn Shenoa 3398A"},"content":{"rendered":"<div class=\"boldgrid-section\">\n<div class=\"container\">\n<div class=\"row\">\n<div class=\"col-md-12 col-sm-12 col-xs-12\">\n<div class=\"boldgrid-wrap-row boldgrid-slider\" data-config=\"{&quot;arrows&quot;:false,&quot;autoplay&quot;:false,&quot;autoplaySpeed&quot;:&quot;10&quot;,&quot;dots&quot;:true,&quot;infinite&quot;:true,&quot;bgOptions&quot;:{&quot;arrowsPos&quot;:&quot;standard&quot;,&quot;arrowsOverlay&quot;:true,&quot;arrowsBgColor&quot;:&quot;#1a1a1a&quot;,&quot;arrowsIcon&quot;:&quot;angle&quot;,&quot;arrowsSize&quot;:&quot;30&quot;,&quot;dotsPos&quot;:&quot;bottom&quot;,&quot;dotsOverlay&quot;:false,&quot;dotsColor&quot;:&quot;#736cf8&quot;,&quot;dotsSize&quot;:&quot;50&quot;},&quot;colors&quot;:{&quot;arrowsBG&quot;:{&quot;type&quot;:&quot;color&quot;,&quot;value&quot;:&quot;#1a1a1a&quot;,&quot;text&quot;:&quot;#ffffff&quot;},&quot;dotsColor&quot;:{&quot;type&quot;:&quot;color&quot;,&quot;value&quot;:&quot;#736cf8&quot;,&quot;text&quot;:&quot;#1a1a1a&quot;}}}\">\n<div class=\"row\" style=\"width: 100%; display: inline-block;\">\n<div class=\"col-md-12 col-sm-12 col-xs-12\">\n<div class=\"text-center\">\n<p><img loading=\"lazy\" decoding=\"async\" class=\"alignnone wp-image-1055 bg-img bg-img-1\" src=\"https:\/\/www.calzadobarbarella.com\/website\/wp-content\/uploads\/2020\/10\/3398AFJPG-2-1024x768.jpg\" alt=\"\" width=\"800\" height=\"600\">&nbsp;<\/p>\n<h4 style=\"margin-top: 25px;\">Bot\u00edn 3398 A&nbsp;<\/h4>\n<p style=\"margin-bottom: 0;\">Capellada en textil x cuero gamuza&nbsp;<\/p>\n<\/div>\n<\/div>\n<\/div>\n<div class=\"row\" style=\"width: 100%; display: inline-block;\">\n<div class=\"col-md-12 col-sm-12 col-xs-12\">\n<div class=\"text-center\">\n<p><img loading=\"lazy\" decoding=\"async\" class=\"alignnone wp-image-1056 bg-img bg-img-2\" src=\"https:\/\/www.calzadobarbarella.com\/website\/wp-content\/uploads\/2020\/10\/3398AF-1-2-768x1024.jpeg\" alt=\"\" width=\"600\" height=\"800\">&nbsp;<\/p>\n<h4 style=\"margin-top: 25px;\">Bot\u00edn 3398 A<\/h4>\n<p style=\"margin-bottom: 0;\">Cremallera externa, cord\u00f3n cuero<\/p>\n<\/div>\n<\/div>\n<\/div>\n<div class=\"row\" style=\"width: 100%; display: inline-block;\">\n<div class=\"col-md-12 col-sm-12 col-xs-12\">\n<div class=\"text-center\">\n<p><img loading=\"lazy\" decoding=\"async\" class=\"alignnone wp-image-938\" src=\"https:\/\/www.calzadobarbarella.com\/website\/wp-content\/uploads\/2020\/10\/3398AF-2-1.jpeg\" alt=\"\" width=\"800\" height=\"600\">&nbsp;<\/p>\n<h4 style=\"margin-top: 25px;\">Bot\u00edn 3398 A<\/h4>\n<p style=\"margin-bottom: 0;\">Suela TR cristal color, muy confortable<\/p>\n<\/div>\n<\/div>\n<\/div>\n<\/div>\n<\/div>\n<\/div>\n<\/div>\n<\/div>\n<div class=\"boldgrid-section\">\n<div class=\"container\" style=\"text-align: right;\">\n<p class=\"mod-reset\"><a class=\"\" style=\"font-weight: 600; font-size: 16px;\" href=\"https:\/\/www.calzadobarbarella.com\/website\/shenoa-botin-2\/\" target=\"_blank\" rel=\"noopener noreferrer\" data-font-weight=\"600\">Shenoa Botin<\/a><\/p>\n<\/div>\n<\/div>\n","protected":false},"excerpt":{"rendered":"<p>&nbsp; Bot\u00edn 3398 A&nbsp; Capellada en textil x cuero gamuza&nbsp; &nbsp; Bot\u00edn 3398 A Cremallera externa, cord\u00f3n cuero &nbsp; Bot\u00edn 3398 A Suela TR cristal color, muy confortable Shenoa Botin<\/p>\n","protected":false},"author":1,"featured_media":0,"parent":0,"menu_order":0,"comment_status":"closed","ping_status":"closed","template":"","meta":{"bgseo_title":"","bgseo_description":"","bgseo_robots_index":"index","bgseo_robots_follow":"follow","footnotes":""},"class_list":["post-1054","page","type-page","status-publish"],"_links":{"self":[{"href":"https:\/\/www.calzadobarbarella.com\/website\/wp-json\/wp\/v2\/pages\/1054","targetHints":{"allow":["GET"]}}],"collection":[{"href":"https:\/\/www.calzadobarbarella.com\/website\/wp-json\/wp\/v2\/pages"}],"about":[{"href":"https:\/\/www.calzadobarbarella.com\/website\/wp-json\/wp\/v2\/types\/page"}],"author":[{"embeddable":true,"href":"https:\/\/www.calzadobarbarella.com\/website\/wp-json\/wp\/v2\/users\/1"}],"replies":[{"embeddable":true,"href":"https:\/\/www.calzadobarbarella.com\/website\/wp-json\/wp\/v2\/comments?post=1054"}],"version-history":[{"count":4,"href":"https:\/\/www.calzadobarbarella.com\/website\/wp-json\/wp\/v2\/pages\/1054\/revisions"}],"predecessor-version":[{"id":1079,"href":"https:\/\/www.calzadobarbarella.com\/website\/wp-json\/wp\/v2\/pages\/1054\/revisions\/1079"}],"wp:attachment":[{"href":"https:\/\/www.calzadobarbarella.com\/website\/wp-json\/wp\/v2\/media?parent=1054"}],"curies":[{"name":"wp","href":"https:\/\/api.w.org\/{rel}","templated":true}]}}